{"id":4917,"date":"2025-03-18T12:48:51","date_gmt":"2025-03-18T12:48:51","guid":{"rendered":"http:\/\/flovel.net.localhost\/contact\/"},"modified":"2025-08-13T06:42:23","modified_gmt":"2025-08-13T06:42:23","slug":"contact","status":"publish","type":"page","link":"https:\/\/flovel.net\/de\/contact\/","title":{"rendered":"Kontakt"},"content":{"rendered":"<div id=\"ep-page-header-block_61f0c9a19a458cd5b017f3a88bffe2df\" class=\"ep-page-header ep-block \">\n                        <div class=\"show-frontend\">\n                <div class=\"slides size-sub\">\n                                            <div class=\"slide slide-start\">\n\n\n                            \n                                                                                                \n                                                                                                                                                                                \n\n                                                                                                                                <picture>\n                                    <source srcset=\"https:\/\/flovel.net\/wp-content\/uploads\/2025\/03\/subpageheader1920x640-contact02-1920x640-c-center.jpg 1x\" media=\"(min-width: 1024px)\"\/>\n                                    <source srcset=\"https:\/\/flovel.net\/wp-content\/uploads\/2025\/03\/subpageheader1920x640-contact02-1024x500-c-center.jpg 1x\" media=\"(min-width: 768px)\"\/>\n                                    <source srcset=\"https:\/\/flovel.net\/wp-content\/uploads\/2025\/03\/subpageheader1920x640-contact02-768x500-c-center.jpg 1x\" media=\"(max-width: 767px)\"\/>\n                                    <img decoding=\"async\" src=\"https:\/\/flovel.net\/wp-content\/uploads\/2025\/03\/subpageheader1920x640-contact02-768x500-c-center.jpg\" alt=\"\" title=\"SubPageHeader1920x640_Contact02\"\/>\n                                <\/picture>\n\n                            \n                            <div class=\"inner title-position-bottom\">\n                                <div class=\"text\">\n                                                                    <\/div>\n                            <\/div>\n                        <\/div>\n                                    <\/div>\n            <\/div>\n            <\/div>\n\n\n<div id=\"ep-block-spacer-block_e3e3fec536efc1c29be8aeb867a3cb24\" class=\"ep-block-spacer ep-block \">\n            <section  class=\"show-frontend  \">\n                        <style>\n                #ep-spacer-rYOqW {\n                    height: 100px;\n                }\n\n                @media (max-width: 767px) {\n                    #ep-spacer-rYOqW {\n                        height: 80px;\n                    }\n                }\n\n                @media (min-width: 768px) and (max-width: 1023px) {\n                    #ep-spacer-rYOqW {\n                        height: 80px;\n                    }\n                }\n            <\/style>\n            <div id=\"ep-spacer-rYOqW\"><\/div>\n        <\/section>\n    <\/div>\n\n<div id=\"ep-title-text-block_d522c1707054325473a0ba6963495594\" class=\"ep-title-text ep-block \">\n            <div class=\"show-frontend\">\n            <div class=\"inner alignment-left\">\n                                    <h2 class=\"title \">Get in touch<\/h2>\n                                            <\/div>\n        <\/div>\n    <\/div>\n\n\n<div id=\"ep-block-spacer-block_2e02a0e5f3d03db35e729d7da0b40562\" class=\"ep-block-spacer ep-block \">\n            <section  class=\"show-frontend  \">\n                        <style>\n                #ep-spacer-W8GZj {\n                    height: 30px;\n                }\n\n                @media (max-width: 767px) {\n                    #ep-spacer-W8GZj {\n                        height: 20px;\n                    }\n                }\n\n                @media (min-width: 768px) and (max-width: 1023px) {\n                    #ep-spacer-W8GZj {\n                        height: 20px;\n                    }\n                }\n            <\/style>\n            <div id=\"ep-spacer-W8GZj\"><\/div>\n        <\/section>\n    <\/div>\n\n\n<div class=\"wp-block-group\"><div class=\"wp-block-group__inner-container is-layout-constrained wp-block-group-is-layout-constrained\">\n<div class=\"wp-block-columns is-layout-flex wp-container-core-columns-is-layout-9d6595d7 wp-block-columns-is-layout-flex\">\n<div class=\"wp-block-column is-layout-flow wp-block-column-is-layout-flow\"><div id=\"ep-wysiwyg-block_a4989a58f09626af37b9b4882aeb590b\" class=\"ep-wysiwyg ep-block \">\n                        <section class=\"show-frontend\">\n                <div class=\"inner\">\n                    <p><strong>FLOVEL Energy Private Limited<\/strong><br \/>\nVatika Mindscapes, Suite 101-A, Tower-B,<br \/>\n12\/3, Mathura Road, Faridabad \u2013 121 003,<br \/>\nHaryana, India<br \/>\nPhone: <a href=\"tel:+91 129 4090600\">+91 129 4090600<\/a><br \/>\nFax: +91 129 4090650<br \/>\nEmail: <a href=\"mailto:contact@flovel.net\">contact@flovel.net<\/a><\/p>\n\n                <\/div>\n            <\/section>\n            <\/div>\n<\/div>\n\n\n\n<div class=\"wp-block-column is-layout-flow wp-block-column-is-layout-flow\"><div id=\"ep-wysiwyg-block_33df28781cbcb29514431a577589e264\" class=\"ep-wysiwyg ep-block \">\n                        <section class=\"show-frontend\">\n                <div class=\"inner\">\n                    <p>MANUFACTURING FACILITIES<br \/>\n<strong>FLOVEL Energy Private Limited<\/strong><br \/>\nMitrol \u2013 Deeghot Road (Near Railway Crossing),<br \/>\n72 KM Stone, Delhi-Mathura Road,<br \/>\nDistrict Palwal \u2013 121102,<br \/>\nHaryana, India<br \/>\nPhone: <a href=\"tel:+91 7082214002\">+91 7082214002<\/a>, <a href=\"tel:+91 7082214003\">3<\/a> &amp; <a href=\"tel:+91 7082214004\">4<\/a><\/p>\n\n                <\/div>\n            <\/section>\n            <\/div>\n<\/div>\n\n\n\n<div class=\"wp-block-column is-layout-flow wp-block-column-is-layout-flow\"><div id=\"ep-wysiwyg-block_bcfd3921b5bcd48372e797a9aa6daa46\" class=\"ep-wysiwyg ep-block \">\n                        <section class=\"show-frontend\">\n                <div class=\"inner\">\n                    <p>VALVES PARTNER<br \/>\n<strong>TB HYDRO FLOVEL Valves Private Limited<\/strong><br \/>\nVatika Mindscape, Suite 101-A, Tower-B,<br \/>\n12\/3, Mathura Road, Faridabad \u2013 121 003,<br \/>\nHaryana, India<br \/>\nPhone: <a href=\"tel:+91 129 4090600\">+91 129 4090600<\/a><br \/>\nFax: +91 129 4090650<br \/>\nEmail: <a href=\"mailto:contact@tfvalves.com\">contact@tfvalves.com<\/a><br \/>\nWeb: <a href=\"http:\/\/www.tfvalves.com\">www.tfvalves.com<\/a><\/p>\n<p>&nbsp;<\/p>\n\n                <\/div>\n            <\/section>\n            <\/div>\n<\/div>\n<\/div>\n<\/div><\/div>\n\n\n<div id=\"ep-block-spacer-block_e3e3fec536efc1c29be8aeb867a3cb24\" class=\"ep-block-spacer ep-block \">\n            <section  class=\"show-frontend  \">\n                        <style>\n                #ep-spacer-JjCit {\n                    height: 100px;\n                }\n\n                @media (max-width: 767px) {\n                    #ep-spacer-JjCit {\n                        height: 80px;\n                    }\n                }\n\n                @media (min-width: 768px) and (max-width: 1023px) {\n                    #ep-spacer-JjCit {\n                        height: 80px;\n                    }\n                }\n            <\/style>\n            <div id=\"ep-spacer-JjCit\"><\/div>\n        <\/section>\n    <\/div>\n\n<div id=\"ep-customizable-map-block_2e1e0078c722e5951f7256ab93f76e4d\" class=\"ep-customizable-map ep-block \">\n                        <div class=\"show-frontend\">\n                <script type=\"application\/json\">[{\"lat\":\"28.380746\",\"lng\":\"77.313741\",\"text\":\"<p><strong>FLOVEL Energy Private Limited<\\\/strong><br \\\/>\\nVatika Mindscapes, Suite 101-A, Tower-B,<br \\\/>\\n12\\\/3, Mathura Road, Faridabad \\u2013 121 003,<br \\\/>\\nHaryana, India<br \\\/>\\nPhone: <a href=\\\"tel:+91 129 4090600\\\">+91 129 4090600<\\\/a><br \\\/>\\nFax: +91 129 4090650<br \\\/>\\nEmail: <a href=\\\"mailto:contact@flovel.net\\\">contact@flovel.net<\\\/a><\\\/p>\\n\",\"pin\":false},{\"lat\":\"28.028498\",\"lng\":\"77.337560\",\"text\":\"<p>MANUFACTURING FACILITIES<br \\\/>\\n<strong>FLOVEL Energy Private Limited<\\\/strong><br \\\/>\\nMitrol \\u2013 Deeghot Road (Near Railway Crossing),<br \\\/>\\n72 KM Stone, Delhi-Mathura Road,<br \\\/>\\nDistrict Palwal \\u2013 121102,<br \\\/>\\nHaryana, India<br \\\/>\\nPhone: <a href=\\\"tel:+91 7082214002\\\">+91 7082214002<\\\/a>, <a href=\\\"tel:+91 7082214003\\\">3<\\\/a> &amp; <a href=\\\"tel:+91 7082214004\\\">4<\\\/a><\\\/p>\\n\",\"pin\":false},{\"lat\":\"28.382081\",\"lng\":\"77.314007\",\"text\":\"<p>VALVES PARTNER<br \\\/>\\n<strong>TB HYDRO FLOVEL Valves Private Limited<\\\/strong><br \\\/>\\nVatika Mindscape, Suite 101-A, Tower-B,<br \\\/>\\n12\\\/3, Mathura Road, Faridabad \\u2013 121 003,<br \\\/>\\nHaryana, India<br \\\/>\\nPhone: <a href=\\\"tel:+91 129 4090600\\\">+91 129 4090600<\\\/a><br \\\/>\\nFax: +91 129 4090650<br \\\/>\\nEmail: <a href=\\\"mailto:contact@tfvalves.com\\\">contact@tfvalves.com<\\\/a><br \\\/>\\nWeb: <a href=\\\"http:\\\/\\\/www.tfvalves.com\\\">www.tfvalves.com<\\\/a><\\\/p>\\n<p>&nbsp;<\\\/p>\\n\",\"pin\":\"https:\\\/\\\/flovel.net\\\/wp-content\\\/uploads\\\/2025\\\/07\\\/cropped-flovel-favicon-512x512-1.png\"}]<\/script>\n                <div class=\"gmaps inner full-width\">\n                    <div id=\"map-49uwX\" class=\"map\" style=\"max-height:500px\"><\/div>\n                <\/div>\n            <\/div>\n            <\/div>\n\n\n<div id=\"ep-block-spacer-block_e3e3fec536efc1c29be8aeb867a3cb24\" class=\"ep-block-spacer ep-block \">\n            <section  class=\"show-frontend  \">\n                        <style>\n                #ep-spacer-1nYOz {\n                    height: 100px;\n                }\n\n                @media (max-width: 767px) {\n                    #ep-spacer-1nYOz {\n                        height: 80px;\n                    }\n                }\n\n                @media (min-width: 768px) and (max-width: 1023px) {\n                    #ep-spacer-1nYOz {\n                        height: 80px;\n                    }\n                }\n            <\/style>\n            <div id=\"ep-spacer-1nYOz\"><\/div>\n        <\/section>\n    <\/div>\n\n<div id=\"ep-forms-block_a04ca86858d4c158b4fc9f8885e5594c\" class=\"ep-forms ep-block \">\n            <div class=\"show-frontend\">\n            <div class=\"inner\">\n                <div class=\"holder\">\n                                            <h2>Kontaktieren Sie FLOVEL<\/h2>\n                    \n                                            <div class=\"text\"><p>Wir freuen uns, dass Sie sich f\u00fcr die Produkte von FLOVEL interessieren! Unser Team unterst\u00fctzt Sie gerne bei allen Fragen zu unseren Dienstleistungen. Nutzen Sie einfach das Kontaktformular, um uns eine kurze Nachricht zu senden oder einen pers\u00f6nlichen Beratungstermin zu vereinbaren. Gemeinsam finden wir die besten L\u00f6sungen f\u00fcr Ihre individuellen Bed\u00fcrfnisse.<\/p>\n<\/div>\n                    \n                                            <style id=\"wpforms-css-vars-6631\">\n\t\t\t\t#wpforms-6631 {\n\t\t\t\t--wpforms-field-size-input-height: 43px;\n--wpforms-field-size-input-spacing: 15px;\n--wpforms-field-size-font-size: 16px;\n--wpforms-field-size-line-height: 19px;\n--wpforms-field-size-padding-h: 14px;\n--wpforms-field-size-checkbox-size: 16px;\n--wpforms-field-size-sublabel-spacing: 5px;\n--wpforms-field-size-icon-size: 1;\n--wpforms-label-size-font-size: 16px;\n--wpforms-label-size-line-height: 19px;\n--wpforms-label-size-sublabel-font-size: 14px;\n--wpforms-label-size-sublabel-line-height: 17px;\n--wpforms-button-size-font-size: 17px;\n--wpforms-button-size-height: 41px;\n--wpforms-button-size-padding-h: 15px;\n--wpforms-button-size-margin-top: 10px;\n--wpforms-container-shadow-size-box-shadow: none;\n\t\t\t}\n\t\t\t<\/style><div class=\"wpforms-container wpforms-container-full wpforms-render-modern\" id=\"wpforms-6631\"><form id=\"wpforms-form-6631\" class=\"wpforms-validate wpforms-form wpforms-ajax-form\" data-formid=\"6631\" method=\"post\" enctype=\"multipart\/form-data\" action=\"\/de\/wp-json\/wp\/v2\/pages\/4917\" data-token=\"9224fa9eecac23ce594246f53b1e595b\" data-token-time=\"1775276274\"><noscript class=\"wpforms-error-noscript\">Bitte aktiviere JavaScript in deinem Browser, um dieses Formular fertigzustellen.<\/noscript><div id=\"wpforms-error-noscript\" style=\"display: none;\">Bitte aktiviere JavaScript in deinem Browser, um dieses Formular fertigzustellen.<\/div><div class=\"wpforms-field-container\">\t\t<div id=\"wpforms-6631-field_1-container\"\n\t\t\tclass=\"wpforms-field wpforms-field-text\"\n\t\t\tdata-field-type=\"text\"\n\t\t\tdata-field-id=\"1\"\n\t\t\t>\n\t\t\t<label class=\"wpforms-field-label\" for=\"wpforms-6631-field_1\" >Email Ihr Layout<\/label>\n\t\t\t<input type=\"text\" id=\"wpforms-6631-field_1\" class=\"wpforms-field-medium\" name=\"wpforms[fields][1]\" >\n\t\t<\/div>\n\t\t<div id=\"wpforms-6631-field_8-container\" class=\"wpforms-field wpforms-field-hidden\" data-field-id=\"8\"><input type=\"hidden\" id=\"wpforms-6631-field_8\" name=\"wpforms[fields][8]\"><\/div><div id=\"wpforms-6631-field_2-container\" class=\"wpforms-field wpforms-field-textarea\" data-field-id=\"2\"><textarea id=\"wpforms-6631-field_2\" class=\"wpforms-field-large wpforms-field-required\" name=\"wpforms[fields][2]\" placeholder=\"Nachricht\" aria-errormessage=\"wpforms-6631-field_2-error\" required><\/textarea><label class=\"wpforms-field-label\" for=\"wpforms-6631-field_2\">Nachricht <span class=\"wpforms-required-label\" aria-hidden=\"true\">*<\/span><\/label><\/div><div id=\"wpforms-6631-field_3-container\" class=\"wpforms-field wpforms-field-layout\" data-field-id=\"3\"><div class=\"wpforms-field-layout-rows wpforms-field-large\"><div class=\"wpforms-layout-row\"><div class=\"wpforms-layout-column wpforms-layout-column-33\"><div id=\"wpforms-6631-field_5-container\" class=\"wpforms-field wpforms-field-text\" data-field-id=\"5\"><input type=\"text\" id=\"wpforms-6631-field_5\" class=\"wpforms-field-medium wpforms-field-required\" name=\"wpforms[fields][5]\" placeholder=\"Ihr Name\" aria-errormessage=\"wpforms-6631-field_5-error\" required><label class=\"wpforms-field-label\" for=\"wpforms-6631-field_5\">Ihr Name <span class=\"wpforms-required-label\" aria-hidden=\"true\">*<\/span><\/label><\/div><\/div><div class=\"wpforms-layout-column wpforms-layout-column-33\"><div id=\"wpforms-6631-field_6-container\" class=\"wpforms-field wpforms-field-email\" data-field-id=\"6\"><input type=\"email\" id=\"wpforms-6631-field_6\" class=\"wpforms-field-medium wpforms-field-required\" name=\"wpforms[fields][6]\" placeholder=\"Email\" spellcheck=\"false\" aria-errormessage=\"wpforms-6631-field_6-error\" required><label class=\"wpforms-field-label\" for=\"wpforms-6631-field_6\">Email <span class=\"wpforms-required-label\" aria-hidden=\"true\">*<\/span><\/label><\/div><\/div><div class=\"wpforms-layout-column wpforms-layout-column-33\"><div id=\"wpforms-6631-field_7-container\" class=\"wpforms-field wpforms-field-phone\" data-field-id=\"7\"><input type=\"tel\" id=\"wpforms-6631-field_7\" class=\"wpforms-field-medium wpforms-field-required wpforms-smart-phone-field\" data-rule-smart-phone-field=\"true\" name=\"wpforms[fields][7]\" placeholder=\"Telefon\" aria-label=\"Telefon\" aria-errormessage=\"wpforms-6631-field_7-error\" required><label class=\"wpforms-field-label\" for=\"wpforms-6631-field_7\">Telefon <span class=\"wpforms-required-label\" aria-hidden=\"true\">*<\/span><\/label><\/div><\/div><\/div><\/div><\/div><script>\n\t\t\t\t( function() {\n\t\t\t\t\tconst style = document.createElement( 'style' );\n\t\t\t\t\tstyle.appendChild( document.createTextNode( '#wpforms-6631-field_1-container { position: absolute !important; overflow: hidden !important; display: inline !important; height: 1px !important; width: 1px !important; z-index: -1000 !important; padding: 0 !important; } #wpforms-6631-field_1-container input { visibility: hidden; } #wpforms-conversational-form-page #wpforms-6631-field_1-container label { counter-increment: none; }' ) );\n\t\t\t\t\tdocument.head.appendChild( style );\n\t\t\t\t\tdocument.currentScript?.remove();\n\t\t\t\t} )();\n\t\t\t<\/script><\/div><!-- .wpforms-field-container --><div class=\"wpforms-recaptcha-container wpforms-is-recaptcha wpforms-is-recaptcha-type-v3\" ><input type=\"hidden\" name=\"wpforms[recaptcha]\" value=\"\"><\/div><div class=\"wpforms-submit-container\" ><input type=\"hidden\" name=\"wpforms[id]\" value=\"6631\"><input type=\"hidden\" name=\"page_title\" value=\"\"><input type=\"hidden\" name=\"page_url\" value=\"https:\/\/flovel.net\/de\/wp-json\/wp\/v2\/pages\/4917\"><input type=\"hidden\" name=\"url_referer\" value=\"\"><button type=\"submit\" name=\"wpforms[submit]\" id=\"wpforms-submit-6631\" class=\"wpforms-submit\" data-alt-text=\"Absenden ...\" data-submit-text=\"Kostenlosen R\u00fcckruf anfordern\" aria-live=\"assertive\" value=\"wpforms-submit\">Kostenlosen R\u00fcckruf anfordern<\/button><img decoding=\"async\" src=\"https:\/\/flovel.net\/wp-content\/plugins\/wpforms\/assets\/images\/submit-spin.svg\" class=\"wpforms-submit-spinner\" style=\"display: none;\" width=\"26\" height=\"26\" alt=\"Wird geladen\"><\/div><\/form><\/div>  <!-- .wpforms-container -->\n                                    <\/div>\n            <\/div>\n        <\/div>\n    <\/div>","protected":false},"excerpt":{"rendered":"","protected":false},"author":3,"featured_media":0,"parent":0,"menu_order":0,"comment_status":"closed","ping_status":"closed","template":"","meta":{"_acf_changed":false,"footnotes":""},"class_list":["post-4917","page","type-page","status-publish","hentry"],"acf":[],"yoast_head":"<!-- This site is optimized with the Yoast SEO plugin v26.4 - https:\/\/yoast.com\/wordpress\/plugins\/seo\/ -->\n<title>Kontakt - FLOVEL Energy<\/title>\n<meta name=\"robots\" content=\"index, follow, max-snippet:-1, max-image-preview:large, max-video-preview:-1\" \/>\n<link rel=\"canonical\" href=\"https:\/\/flovel.net\/de\/contact\/\" \/>\n<meta property=\"og:locale\" content=\"de_DE\" \/>\n<meta property=\"og:type\" content=\"article\" \/>\n<meta property=\"og:title\" content=\"Kontakt - FLOVEL Energy\" \/>\n<meta property=\"og:url\" content=\"https:\/\/flovel.net\/de\/contact\/\" \/>\n<meta property=\"og:site_name\" content=\"FLOVEL Energy\" \/>\n<meta property=\"article:modified_time\" content=\"2025-08-13T06:42:23+00:00\" \/>\n<meta name=\"twitter:card\" content=\"summary_large_image\" \/>\n<script type=\"application\/ld+json\" class=\"yoast-schema-graph\">{\"@context\":\"https:\/\/schema.org\",\"@graph\":[{\"@type\":\"WebPage\",\"@id\":\"https:\/\/flovel.net\/de\/contact\/\",\"url\":\"https:\/\/flovel.net\/de\/contact\/\",\"name\":\"Kontakt - FLOVEL Energy\",\"isPartOf\":{\"@id\":\"https:\/\/flovel.net\/de\/#website\"},\"datePublished\":\"2025-03-18T12:48:51+00:00\",\"dateModified\":\"2025-08-13T06:42:23+00:00\",\"breadcrumb\":{\"@id\":\"https:\/\/flovel.net\/de\/contact\/#breadcrumb\"},\"inLanguage\":\"de\",\"potentialAction\":[{\"@type\":\"ReadAction\",\"target\":[\"https:\/\/flovel.net\/de\/contact\/\"]}]},{\"@type\":\"BreadcrumbList\",\"@id\":\"https:\/\/flovel.net\/de\/contact\/#breadcrumb\",\"itemListElement\":[{\"@type\":\"ListItem\",\"position\":1,\"name\":\"Home\",\"item\":\"https:\/\/flovel.net\/de\/\"},{\"@type\":\"ListItem\",\"position\":2,\"name\":\"Kontakt\"}]},{\"@type\":\"WebSite\",\"@id\":\"https:\/\/flovel.net\/de\/#website\",\"url\":\"https:\/\/flovel.net\/de\/\",\"name\":\"FLOVEL Energy\",\"description\":\"Advantage on your side\",\"potentialAction\":[{\"@type\":\"SearchAction\",\"target\":{\"@type\":\"EntryPoint\",\"urlTemplate\":\"https:\/\/flovel.net\/de\/?s={search_term_string}\"},\"query-input\":{\"@type\":\"PropertyValueSpecification\",\"valueRequired\":true,\"valueName\":\"search_term_string\"}}],\"inLanguage\":\"de\"}]}<\/script>\n<!-- \/ Yoast SEO plugin. -->","yoast_head_json":{"title":"Kontakt - FLOVEL Energy","robots":{"index":"index","follow":"follow","max-snippet":"max-snippet:-1","max-image-preview":"max-image-preview:large","max-video-preview":"max-video-preview:-1"},"canonical":"https:\/\/flovel.net\/de\/contact\/","og_locale":"de_DE","og_type":"article","og_title":"Kontakt - FLOVEL Energy","og_url":"https:\/\/flovel.net\/de\/contact\/","og_site_name":"FLOVEL Energy","article_modified_time":"2025-08-13T06:42:23+00:00","twitter_card":"summary_large_image","schema":{"@context":"https:\/\/schema.org","@graph":[{"@type":"WebPage","@id":"https:\/\/flovel.net\/de\/contact\/","url":"https:\/\/flovel.net\/de\/contact\/","name":"Kontakt - FLOVEL Energy","isPartOf":{"@id":"https:\/\/flovel.net\/de\/#website"},"datePublished":"2025-03-18T12:48:51+00:00","dateModified":"2025-08-13T06:42:23+00:00","breadcrumb":{"@id":"https:\/\/flovel.net\/de\/contact\/#breadcrumb"},"inLanguage":"de","potentialAction":[{"@type":"ReadAction","target":["https:\/\/flovel.net\/de\/contact\/"]}]},{"@type":"BreadcrumbList","@id":"https:\/\/flovel.net\/de\/contact\/#breadcrumb","itemListElement":[{"@type":"ListItem","position":1,"name":"Home","item":"https:\/\/flovel.net\/de\/"},{"@type":"ListItem","position":2,"name":"Kontakt"}]},{"@type":"WebSite","@id":"https:\/\/flovel.net\/de\/#website","url":"https:\/\/flovel.net\/de\/","name":"FLOVEL Energy","description":"Advantage on your side","potentialAction":[{"@type":"SearchAction","target":{"@type":"EntryPoint","urlTemplate":"https:\/\/flovel.net\/de\/?s={search_term_string}"},"query-input":{"@type":"PropertyValueSpecification","valueRequired":true,"valueName":"search_term_string"}}],"inLanguage":"de"}]}},"_links":{"self":[{"href":"https:\/\/flovel.net\/de\/wp-json\/wp\/v2\/pages\/4917","targetHints":{"allow":["GET"]}}],"collection":[{"href":"https:\/\/flovel.net\/de\/wp-json\/wp\/v2\/pages"}],"about":[{"href":"https:\/\/flovel.net\/de\/wp-json\/wp\/v2\/types\/page"}],"author":[{"embeddable":true,"href":"https:\/\/flovel.net\/de\/wp-json\/wp\/v2\/users\/3"}],"replies":[{"embeddable":true,"href":"https:\/\/flovel.net\/de\/wp-json\/wp\/v2\/comments?post=4917"}],"version-history":[{"count":3,"href":"https:\/\/flovel.net\/de\/wp-json\/wp\/v2\/pages\/4917\/revisions"}],"predecessor-version":[{"id":6641,"href":"https:\/\/flovel.net\/de\/wp-json\/wp\/v2\/pages\/4917\/revisions\/6641"}],"wp:attachment":[{"href":"https:\/\/flovel.net\/de\/wp-json\/wp\/v2\/media?parent=4917"}],"curies":[{"name":"wp","href":"https:\/\/api.w.org\/{rel}","templated":true}]}}