{"id":4969,"date":"2025-03-12T21:49:08","date_gmt":"2025-03-12T21:49:08","guid":{"rendered":"http:\/\/flovel.net.localhost\/history-milestone\/"},"modified":"2025-08-04T08:17:26","modified_gmt":"2025-08-04T08:17:26","slug":"geschichte","status":"publish","type":"page","link":"https:\/\/flovel.net\/de\/geschichte\/","title":{"rendered":"Geschichte &amp; Meilensteine"},"content":{"rendered":"<div id=\"ep-page-header-block_ff35649e934249dc7f1a88810358f060\" class=\"ep-page-header ep-block \">\n                        <div class=\"show-frontend\">\n                <div class=\"slides size-sub\">\n                                            <div class=\"slide slide-start\">\n\n\n                            \n                                                                                                \n                                                                                                                                                                                \n\n                                                                                                                                <picture>\n                                    <source srcset=\"https:\/\/flovel.net\/wp-content\/uploads\/2025\/08\/subpageheader1920x640-history06-de-1920x640-c-center.jpg 1x\" media=\"(min-width: 1024px)\"\/>\n                                    <source srcset=\"https:\/\/flovel.net\/wp-content\/uploads\/2025\/08\/subpageheader1920x640-history06-de-1024x500-c-center.jpg 1x\" media=\"(min-width: 768px)\"\/>\n                                    <source srcset=\"https:\/\/flovel.net\/wp-content\/uploads\/2025\/08\/subpageheader1920x640-history06-de-768x500-c-center.jpg 1x\" media=\"(max-width: 767px)\"\/>\n                                    <img decoding=\"async\" src=\"https:\/\/flovel.net\/wp-content\/uploads\/2025\/08\/subpageheader1920x640-history06-de-768x500-c-center.jpg\" alt=\"\" title=\"SubPageHeader1920x640_History06_de\"\/>\n                                <\/picture>\n\n                            \n                            <div class=\"inner title-position-bottom\">\n                                <div class=\"text\">\n                                                                    <\/div>\n                            <\/div>\n                        <\/div>\n                                            <div class=\"slide slide-start\">\n\n\n                            \n                                                                                                \n                                                                                                                                                                                \n\n                                                                                                                                <picture>\n                                    <source srcset=\"https:\/\/flovel.net\/wp-content\/uploads\/2025\/03\/subpageheader1920x640-history05-1920x640-c-center.jpg 1x\" media=\"(min-width: 1024px)\"\/>\n                                    <source srcset=\"https:\/\/flovel.net\/wp-content\/uploads\/2025\/03\/subpageheader1920x640-history05-1024x500-c-center.jpg 1x\" media=\"(min-width: 768px)\"\/>\n                                    <source srcset=\"https:\/\/flovel.net\/wp-content\/uploads\/2025\/03\/subpageheader1920x640-history05-768x500-c-center.jpg 1x\" media=\"(max-width: 767px)\"\/>\n                                    <img decoding=\"async\" src=\"https:\/\/flovel.net\/wp-content\/uploads\/2025\/03\/subpageheader1920x640-history05-768x500-c-center.jpg\" alt=\"\" title=\"SubPageHeader1920x640_History05\"\/>\n                                <\/picture>\n\n                            \n                            <div class=\"inner title-position-bottom\">\n                                <div class=\"text\">\n                                                                    <\/div>\n                            <\/div>\n                        <\/div>\n                                            <div class=\"slide slide-start\">\n\n\n                            \n                                                                                                \n                                                                                                                                                                                \n\n                                                                                                                                <picture>\n                                    <source srcset=\"https:\/\/flovel.net\/wp-content\/uploads\/2025\/03\/subpageheader1920x640-history02-1-1920x640-c-center.jpg 1x\" media=\"(min-width: 1024px)\"\/>\n                                    <source srcset=\"https:\/\/flovel.net\/wp-content\/uploads\/2025\/03\/subpageheader1920x640-history02-1-1024x500-c-center.jpg 1x\" media=\"(min-width: 768px)\"\/>\n                                    <source srcset=\"https:\/\/flovel.net\/wp-content\/uploads\/2025\/03\/subpageheader1920x640-history02-1-768x500-c-center.jpg 1x\" media=\"(max-width: 767px)\"\/>\n                                    <img decoding=\"async\" src=\"https:\/\/flovel.net\/wp-content\/uploads\/2025\/03\/subpageheader1920x640-history02-1-768x500-c-center.jpg\" alt=\"\" title=\"SubPageHeader1920x640_History02\"\/>\n                                <\/picture>\n\n                            \n                            <div class=\"inner title-position-bottom\">\n                                <div class=\"text\">\n                                                                    <\/div>\n                            <\/div>\n                        <\/div>\n                                            <div class=\"slide slide-start\">\n\n\n                            \n                                                                                                \n                                                                                                                                                                                \n\n                                                                                                                                <picture>\n                                    <source srcset=\"https:\/\/flovel.net\/wp-content\/uploads\/2025\/03\/subpageheader1920x640-history01-1-1920x640-c-center.jpg 1x\" media=\"(min-width: 1024px)\"\/>\n                                    <source srcset=\"https:\/\/flovel.net\/wp-content\/uploads\/2025\/03\/subpageheader1920x640-history01-1-1024x500-c-center.jpg 1x\" media=\"(min-width: 768px)\"\/>\n                                    <source srcset=\"https:\/\/flovel.net\/wp-content\/uploads\/2025\/03\/subpageheader1920x640-history01-1-768x500-c-center.jpg 1x\" media=\"(max-width: 767px)\"\/>\n                                    <img decoding=\"async\" src=\"https:\/\/flovel.net\/wp-content\/uploads\/2025\/03\/subpageheader1920x640-history01-1-768x500-c-center.jpg\" alt=\"\" title=\"SubPageHeader1920x640_History01\"\/>\n                                <\/picture>\n\n                            \n                            <div class=\"inner title-position-bottom\">\n                                <div class=\"text\">\n                                                                    <\/div>\n                            <\/div>\n                        <\/div>\n                                    <\/div>\n            <\/div>\n            <\/div>\n\n\n<div id=\"ep-block-spacer-block_23f68c177f74a04bdede297054a91178\" class=\"ep-block-spacer ep-block \">\n            <section  class=\"show-frontend  \">\n                        <style>\n                #ep-spacer-faVVO {\n                    height: 80px;\n                }\n\n                @media (max-width: 767px) {\n                    #ep-spacer-faVVO {\n                        height: 40px;\n                    }\n                }\n\n                @media (min-width: 768px) and (max-width: 1023px) {\n                    #ep-spacer-faVVO {\n                        height: 60px;\n                    }\n                }\n            <\/style>\n            <div id=\"ep-spacer-faVVO\"><\/div>\n        <\/section>\n    <\/div>\n\n<div id=\"ep-title-text-block_2f4296793b24053ed79041ffd0ce545e\" class=\"ep-title-text ep-block \">\n            <div class=\"show-frontend\">\n            <div class=\"inner alignment-center\">\n                                    <h2 class=\"title \">Drei Generationen Expertise und<br \/>\r\nVertrauen in der Wasserkraft<\/h2>\n                                                    <div class=\"text\">\n                        <p>Seit seiner Gr\u00fcndung im Jahr 1971 steht FLOVEL als Synonym f\u00fcr Innovation und Exzellenz im Bereich der Wasserkraft. In den H\u00e4nden der dritten Generation der Gr\u00fcnderfamilie verfolgt das Unternehmen eine nachhaltige und zukunftsorientierte Strategie f\u00fcr die Wasserkraftbranche. FLOVEL ist ein f\u00fchrender Hersteller von Hydraulischen Turbinen und Ventilen sowie ein Komplettanbieter von elektromechanischen Ger\u00e4ten und ma\u00dfgeschneiderten Dienstleistungen f\u00fcr kleine und mittlere Wasserkraftwerke. Dies umfasst nicht nur die Renovierung, Modernisierung und Aufr\u00fcstung bestehender Anlagen, sondern auch umfassende Aftermarket-Services. Mit \u00fcber 53 Jahren Erfahrung z\u00e4hlt FLOVEL heute zu den globalen Spitzenreitern und setzt kontinuierlich Ma\u00dfst\u00e4be in der Branche.<\/p>\n\n                    <\/div>\n                            <\/div>\n        <\/div>\n    <\/div>\n\n\n<div id=\"ep-block-spacer-block_b248ab2fa878b766b63354e0ef5a65ec\" class=\"ep-block-spacer ep-block \">\n            <section  class=\"show-frontend  \">\n                        <style>\n                #ep-spacer-PzRlz {\n                    height: 40px;\n                }\n\n                @media (max-width: 767px) {\n                    #ep-spacer-PzRlz {\n                        height: 40px;\n                    }\n                }\n\n                @media (min-width: 768px) and (max-width: 1023px) {\n                    #ep-spacer-PzRlz {\n                        height: 60px;\n                    }\n                }\n            <\/style>\n            <div id=\"ep-spacer-PzRlz\"><\/div>\n        <\/section>\n    <\/div>\n\n\n<div class=\"wp-block-group\"><div class=\"wp-block-group__inner-container is-layout-constrained wp-block-group-is-layout-constrained\">\n<div class=\"wp-block-columns is-layout-flex wp-container-core-columns-is-layout-9d6595d7 wp-block-columns-is-layout-flex\">\n<div class=\"wp-block-column is-layout-flow wp-block-column-is-layout-flow\"><div id=\"ep-image-block_6538d9e3cadf5ac184b73e534e3d064a\" class=\"ep-image ep-block \">\n                        <div class=\"show-frontend\">\n                <div class=\"inner\">\n                                                            \n                                                                                <picture>\n                        <source srcset=\"https:\/\/flovel.net\/wp-content\/uploads\/2025\/03\/imagevideo1280x717-history01-1280x0-c-center.jpg 1x\" media=\"(min-width: 1024px)\"\/>\n                        <source srcset=\"https:\/\/flovel.net\/wp-content\/uploads\/2025\/03\/imagevideo1280x717-history01-1024x0-c-center.jpg 1x\" media=\"(min-width: 768px)\"\/>\n                        <source srcset=\"https:\/\/flovel.net\/wp-content\/uploads\/2025\/03\/imagevideo1280x717-history01-768x0-c-center.jpg 1x\" media=\"(max-width: 767px)\"\/>\n                        <img decoding=\"async\" src=\"https:\/\/flovel.net\/wp-content\/uploads\/2025\/03\/imagevideo1280x717-history01-768x0-c-center.jpg\" alt=\"\" title=\"ImageVideo1280x717_History01\"\/>\n                    <\/picture>\n                <\/div>\n            <\/div>\n            <\/div>\n\n\n<div class=\"wp-block-columns is-layout-flex wp-container-core-columns-is-layout-9d6595d7 wp-block-columns-is-layout-flex\">\n<div class=\"wp-block-column is-layout-flow wp-block-column-is-layout-flow\"><div id=\"ep-wysiwyg-block_e2e2985b4dc3cd863e400a15839a806b\" class=\"ep-wysiwyg ep-block \">\n                        <section class=\"show-frontend\">\n                <div class=\"inner\">\n                    <p><strong><br \/>\nLate Dr. R.N. Kar<\/strong><br \/>\n(1928 \u2013 1999)<\/p>\n\n                <\/div>\n            <\/section>\n            <\/div>\n<\/div>\n<\/div>\n<\/div>\n\n\n\n<div class=\"wp-block-column is-layout-flow wp-block-column-is-layout-flow\"><div id=\"ep-image-block_c65f07dad3921f66f5b9532fec56a11b\" class=\"ep-image ep-block \">\n                        <div class=\"show-frontend\">\n                <div class=\"inner\">\n                                                            \n                                                                                <picture>\n                        <source srcset=\"https:\/\/flovel.net\/wp-content\/uploads\/2025\/03\/imagevideo1280x717-history03-1280x0-c-center.jpg 1x\" media=\"(min-width: 1024px)\"\/>\n                        <source srcset=\"https:\/\/flovel.net\/wp-content\/uploads\/2025\/03\/imagevideo1280x717-history03-1024x0-c-center.jpg 1x\" media=\"(min-width: 768px)\"\/>\n                        <source srcset=\"https:\/\/flovel.net\/wp-content\/uploads\/2025\/03\/imagevideo1280x717-history03-768x0-c-center.jpg 1x\" media=\"(max-width: 767px)\"\/>\n                        <img decoding=\"async\" src=\"https:\/\/flovel.net\/wp-content\/uploads\/2025\/03\/imagevideo1280x717-history03-768x0-c-center.jpg\" alt=\"\" title=\"ImageVideo1280x717_History03\"\/>\n                    <\/picture>\n                <\/div>\n            <\/div>\n            <\/div>\n\n<div id=\"ep-wysiwyg-block_841a1d1f8ca7b7d299b3864def59baa7\" class=\"ep-wysiwyg ep-block \">\n                        <section class=\"show-frontend\">\n                <div class=\"inner\">\n                    <p><strong><br \/>\nMaharaj Kar<\/strong><br \/>\nVorsitzender<\/p>\n\n                <\/div>\n            <\/section>\n            <\/div>\n\n\n\n<div class=\"wp-block-columns is-layout-flex wp-container-core-columns-is-layout-9d6595d7 wp-block-columns-is-layout-flex\">\n<div class=\"wp-block-column is-layout-flow wp-block-column-is-layout-flow\"><\/div>\n<\/div>\n<\/div>\n\n\n\n<div class=\"wp-block-column is-layout-flow wp-block-column-is-layout-flow\"><div id=\"ep-image-block_a79a568372f96a41e7a32405d694b197\" class=\"ep-image ep-block \">\n                        <div class=\"show-frontend\">\n                <div class=\"inner\">\n                                                            \n                                                                                <picture>\n                        <source srcset=\"https:\/\/flovel.net\/wp-content\/uploads\/2025\/03\/imagevideo1280x717-history02-1280x0-c-center.jpg 1x\" media=\"(min-width: 1024px)\"\/>\n                        <source srcset=\"https:\/\/flovel.net\/wp-content\/uploads\/2025\/03\/imagevideo1280x717-history02-1024x0-c-center.jpg 1x\" media=\"(min-width: 768px)\"\/>\n                        <source srcset=\"https:\/\/flovel.net\/wp-content\/uploads\/2025\/03\/imagevideo1280x717-history02-768x0-c-center.jpg 1x\" media=\"(max-width: 767px)\"\/>\n                        <img decoding=\"async\" src=\"https:\/\/flovel.net\/wp-content\/uploads\/2025\/03\/imagevideo1280x717-history02-768x0-c-center.jpg\" alt=\"\" title=\"ImageVideo1280x717_History02\"\/>\n                    <\/picture>\n                <\/div>\n            <\/div>\n            <\/div>\n\n\n<div class=\"wp-block-columns is-layout-flex wp-container-core-columns-is-layout-9d6595d7 wp-block-columns-is-layout-flex\">\n<div class=\"wp-block-column is-layout-flow wp-block-column-is-layout-flow\"><div id=\"ep-wysiwyg-block_d2bedbc97fb97d8be6e0e0ed4a97a27d\" class=\"ep-wysiwyg ep-block \">\n                        <section class=\"show-frontend\">\n                <div class=\"inner\">\n                    <p><strong><br \/>\nGautam Kar<\/strong><br \/>\nGesch\u00e4ftsf\u00fchrer<\/p>\n\n                <\/div>\n            <\/section>\n            <\/div>\n<\/div>\n<\/div>\n<\/div>\n<\/div>\n<\/div><\/div>\n\n\n<div id=\"ep-block-spacer-block_a08fa05ce40377906b643ad64b53ea88\" class=\"ep-block-spacer ep-block \">\n            <section  class=\"show-frontend  \">\n                        <style>\n                #ep-spacer-6lkab {\n                    height: 100px;\n                }\n\n                @media (max-width: 767px) {\n                    #ep-spacer-6lkab {\n                        height: 50px;\n                    }\n                }\n\n                @media (min-width: 768px) and (max-width: 1023px) {\n                    #ep-spacer-6lkab {\n                        height: 80px;\n                    }\n                }\n            <\/style>\n            <div id=\"ep-spacer-6lkab\"><\/div>\n        <\/section>\n    <\/div>\n\n<div id=\"ep-title-text-block_eaad17ac5d9a607fd174ecc41a503162\" class=\"ep-title-text ep-block \">\n            <div class=\"show-frontend\">\n            <div class=\"inner alignment-center\">\n                                    <h2 class=\"title \">Weltweite Gesch\u00e4ftsbeziehungen<\/h2>\n                                                    <div class=\"text\">\n                        <p>Unser Grundsatz ist es, immer und \u00fcberall nah am Kunden zu sein.<\/p>\n\n                    <\/div>\n                            <\/div>\n        <\/div>\n    <\/div>\n\n\n<div id=\"ep-block-spacer-block_5e7a4e5897ece5835e82e92fe68fb806\" class=\"ep-block-spacer ep-block \">\n            <section  class=\"show-frontend  \">\n                        <style>\n                #ep-spacer-Kk5AC {\n                    height: 30px;\n                }\n\n                @media (max-width: 767px) {\n                    #ep-spacer-Kk5AC {\n                        height: 20px;\n                    }\n                }\n\n                @media (min-width: 768px) and (max-width: 1023px) {\n                    #ep-spacer-Kk5AC {\n                        height: 20px;\n                    }\n                }\n            <\/style>\n            <div id=\"ep-spacer-Kk5AC\"><\/div>\n        <\/section>\n    <\/div>\n\n<div id=\"ep-disturber-block_2f9786a9046402be7483bc4073bd96d9\" class=\"ep-disturber ep-block \">\n            <div class=\"show-frontend\">\n            <div class=\"inner\">\n                                                                            \n                                                                                <picture>\n                        <source srcset=\"https:\/\/flovel.net\/wp-content\/uploads\/2025\/03\/disturber1290x620-history04-1290x620-c-center.jpg 1x\" media=\"(min-width: 1024px)\"\/>\n                        <source srcset=\"https:\/\/flovel.net\/wp-content\/uploads\/2025\/03\/disturber1290x620-history04-1024x0-c-center.jpg 1x\" media=\"(min-width: 768px)\"\/>\n                        <source srcset=\"https:\/\/flovel.net\/wp-content\/uploads\/2025\/03\/disturber1290x620-history04-768x0-c-center.jpg 1x\" media=\"(max-width: 767px)\"\/>\n                        <img decoding=\"async\" src=\"https:\/\/flovel.net\/wp-content\/uploads\/2025\/03\/disturber1290x620-history04-768x0-c-center.jpg\" alt=\"\" title=\"Disturber1290x620_History04\"\/>\n                    <\/picture>\n                                            <\/div>\n        <\/div>\n    <\/div>","protected":false},"excerpt":{"rendered":"","protected":false},"author":3,"featured_media":0,"parent":0,"menu_order":0,"comment_status":"closed","ping_status":"closed","template":"","meta":{"_acf_changed":false,"footnotes":""},"class_list":["post-4969","page","type-page","status-publish","hentry"],"acf":[],"yoast_head":"<!-- This site is optimized with the Yoast SEO plugin v26.4 - https:\/\/yoast.com\/wordpress\/plugins\/seo\/ -->\n<title>Geschichte &amp; Meilensteine - FLOVEL Energy<\/title>\n<meta name=\"robots\" content=\"index, follow, max-snippet:-1, max-image-preview:large, max-video-preview:-1\" \/>\n<link rel=\"canonical\" href=\"https:\/\/flovel.net\/de\/geschichte\/\" \/>\n<meta property=\"og:locale\" content=\"de_DE\" \/>\n<meta property=\"og:type\" content=\"article\" \/>\n<meta property=\"og:title\" content=\"Geschichte &amp; Meilensteine - FLOVEL Energy\" \/>\n<meta property=\"og:url\" content=\"https:\/\/flovel.net\/de\/geschichte\/\" \/>\n<meta property=\"og:site_name\" content=\"FLOVEL Energy\" \/>\n<meta property=\"article:modified_time\" content=\"2025-08-04T08:17:26+00:00\" \/>\n<meta name=\"twitter:card\" content=\"summary_large_image\" \/>\n<script type=\"application\/ld+json\" class=\"yoast-schema-graph\">{\"@context\":\"https:\/\/schema.org\",\"@graph\":[{\"@type\":\"WebPage\",\"@id\":\"https:\/\/flovel.net\/de\/geschichte\/\",\"url\":\"https:\/\/flovel.net\/de\/geschichte\/\",\"name\":\"Geschichte &amp; Meilensteine - FLOVEL Energy\",\"isPartOf\":{\"@id\":\"https:\/\/flovel.net\/de\/#website\"},\"datePublished\":\"2025-03-12T21:49:08+00:00\",\"dateModified\":\"2025-08-04T08:17:26+00:00\",\"breadcrumb\":{\"@id\":\"https:\/\/flovel.net\/de\/geschichte\/#breadcrumb\"},\"inLanguage\":\"de\",\"potentialAction\":[{\"@type\":\"ReadAction\",\"target\":[\"https:\/\/flovel.net\/de\/geschichte\/\"]}]},{\"@type\":\"BreadcrumbList\",\"@id\":\"https:\/\/flovel.net\/de\/geschichte\/#breadcrumb\",\"itemListElement\":[{\"@type\":\"ListItem\",\"position\":1,\"name\":\"Home\",\"item\":\"https:\/\/flovel.net\/de\/\"},{\"@type\":\"ListItem\",\"position\":2,\"name\":\"Geschichte &amp; Meilensteine\"}]},{\"@type\":\"WebSite\",\"@id\":\"https:\/\/flovel.net\/de\/#website\",\"url\":\"https:\/\/flovel.net\/de\/\",\"name\":\"FLOVEL Energy\",\"description\":\"Advantage on your side\",\"potentialAction\":[{\"@type\":\"SearchAction\",\"target\":{\"@type\":\"EntryPoint\",\"urlTemplate\":\"https:\/\/flovel.net\/de\/?s={search_term_string}\"},\"query-input\":{\"@type\":\"PropertyValueSpecification\",\"valueRequired\":true,\"valueName\":\"search_term_string\"}}],\"inLanguage\":\"de\"}]}<\/script>\n<!-- \/ Yoast SEO plugin. -->","yoast_head_json":{"title":"Geschichte &amp; Meilensteine - FLOVEL Energy","robots":{"index":"index","follow":"follow","max-snippet":"max-snippet:-1","max-image-preview":"max-image-preview:large","max-video-preview":"max-video-preview:-1"},"canonical":"https:\/\/flovel.net\/de\/geschichte\/","og_locale":"de_DE","og_type":"article","og_title":"Geschichte &amp; Meilensteine - FLOVEL Energy","og_url":"https:\/\/flovel.net\/de\/geschichte\/","og_site_name":"FLOVEL Energy","article_modified_time":"2025-08-04T08:17:26+00:00","twitter_card":"summary_large_image","schema":{"@context":"https:\/\/schema.org","@graph":[{"@type":"WebPage","@id":"https:\/\/flovel.net\/de\/geschichte\/","url":"https:\/\/flovel.net\/de\/geschichte\/","name":"Geschichte &amp; Meilensteine - FLOVEL Energy","isPartOf":{"@id":"https:\/\/flovel.net\/de\/#website"},"datePublished":"2025-03-12T21:49:08+00:00","dateModified":"2025-08-04T08:17:26+00:00","breadcrumb":{"@id":"https:\/\/flovel.net\/de\/geschichte\/#breadcrumb"},"inLanguage":"de","potentialAction":[{"@type":"ReadAction","target":["https:\/\/flovel.net\/de\/geschichte\/"]}]},{"@type":"BreadcrumbList","@id":"https:\/\/flovel.net\/de\/geschichte\/#breadcrumb","itemListElement":[{"@type":"ListItem","position":1,"name":"Home","item":"https:\/\/flovel.net\/de\/"},{"@type":"ListItem","position":2,"name":"Geschichte &amp; Meilensteine"}]},{"@type":"WebSite","@id":"https:\/\/flovel.net\/de\/#website","url":"https:\/\/flovel.net\/de\/","name":"FLOVEL Energy","description":"Advantage on your side","potentialAction":[{"@type":"SearchAction","target":{"@type":"EntryPoint","urlTemplate":"https:\/\/flovel.net\/de\/?s={search_term_string}"},"query-input":{"@type":"PropertyValueSpecification","valueRequired":true,"valueName":"search_term_string"}}],"inLanguage":"de"}]}},"_links":{"self":[{"href":"https:\/\/flovel.net\/de\/wp-json\/wp\/v2\/pages\/4969","targetHints":{"allow":["GET"]}}],"collection":[{"href":"https:\/\/flovel.net\/de\/wp-json\/wp\/v2\/pages"}],"about":[{"href":"https:\/\/flovel.net\/de\/wp-json\/wp\/v2\/types\/page"}],"author":[{"embeddable":true,"href":"https:\/\/flovel.net\/de\/wp-json\/wp\/v2\/users\/3"}],"replies":[{"embeddable":true,"href":"https:\/\/flovel.net\/de\/wp-json\/wp\/v2\/comments?post=4969"}],"version-history":[{"count":2,"href":"https:\/\/flovel.net\/de\/wp-json\/wp\/v2\/pages\/4969\/revisions"}],"predecessor-version":[{"id":5004,"href":"https:\/\/flovel.net\/de\/wp-json\/wp\/v2\/pages\/4969\/revisions\/5004"}],"wp:attachment":[{"href":"https:\/\/flovel.net\/de\/wp-json\/wp\/v2\/media?parent=4969"}],"curies":[{"name":"wp","href":"https:\/\/api.w.org\/{rel}","templated":true}]}}