{"id":5073,"date":"2025-04-08T13:16:53","date_gmt":"2025-04-08T13:16:53","guid":{"rendered":"http:\/\/flovel.net.localhost\/research-development\/"},"modified":"2025-08-04T10:15:42","modified_gmt":"2025-08-04T10:15:42","slug":"forschung-entwicklung","status":"publish","type":"page","link":"https:\/\/flovel.net\/de\/forschung-entwicklung\/","title":{"rendered":"Forschung &amp; Entwicklung"},"content":{"rendered":"<div id=\"ep-block-spacer-block_f440e13e4c012aadbc9aa923284d15b5\" class=\"ep-block-spacer ep-block \">\n            <section  class=\"show-frontend  \">\n                        <style>\n                #ep-spacer-mGYRw {\n                    height: 30px;\n                }\n\n                @media (max-width: 767px) {\n                    #ep-spacer-mGYRw {\n                        height: 20px;\n                    }\n                }\n\n                @media (min-width: 768px) and (max-width: 1023px) {\n                    #ep-spacer-mGYRw {\n                        height: 20px;\n                    }\n                }\n            <\/style>\n            <div id=\"ep-spacer-mGYRw\"><\/div>\n        <\/section>\n    <\/div>\n\n<div id=\"ep-title-text-block_bf704e3d5b184e0addc70ea1955e5cdc\" class=\"ep-title-text ep-block \">\n            <div class=\"show-frontend\">\n            <div class=\"inner alignment-center\">\n                                    <h2 class=\"title \">Forschung und Entwicklung:<br \/>\r\nUnsere DNA<\/h2>\n                                            <\/div>\n        <\/div>\n    <\/div>\n\n\n<div id=\"ep-block-spacer-block_f440e13e4c012aadbc9aa923284d15b5\" class=\"ep-block-spacer ep-block \">\n            <section  class=\"show-frontend  \">\n                        <style>\n                #ep-spacer-INCrH {\n                    height: 30px;\n                }\n\n                @media (max-width: 767px) {\n                    #ep-spacer-INCrH {\n                        height: 20px;\n                    }\n                }\n\n                @media (min-width: 768px) and (max-width: 1023px) {\n                    #ep-spacer-INCrH {\n                        height: 20px;\n                    }\n                }\n            <\/style>\n            <div id=\"ep-spacer-INCrH\"><\/div>\n        <\/section>\n    <\/div>\n\n<div id=\"ep-wysiwyg-block_225bf607ff82588d88a8c655e0b4c175\" class=\"ep-wysiwyg ep-block \">\n                        <section class=\"show-frontend\">\n                <div class=\"inner\">\n                    <p style=\"text-align: left;\">\u201eInnovation\u201c ist das Schl\u00fcsselwort f\u00fcr den Erfolg in unserem Gesch\u00e4ftsfeld. Es hat f\u00fcr uns h\u00f6chste Priorit\u00e4t, Zeit und Geld in Forschung, Entwicklung und Innovation zu investieren. Die Kombination aus modernster Technologie und h\u00f6chster Qualit\u00e4t bildet die Grundlage f\u00fcr unsere f\u00fchrende Marktposition. Es ist unsere Verantwortung, L\u00f6sungen zu liefern, die immer im besten Interesse unserer Kunden sind.<\/p>\n\n                <\/div>\n            <\/section>\n            <\/div>\n\n\n<div id=\"ep-block-spacer-block_f440e13e4c012aadbc9aa923284d15b5\" class=\"ep-block-spacer ep-block \">\n            <section  class=\"show-frontend  \">\n                        <style>\n                #ep-spacer-PNUCv {\n                    height: 30px;\n                }\n\n                @media (max-width: 767px) {\n                    #ep-spacer-PNUCv {\n                        height: 20px;\n                    }\n                }\n\n                @media (min-width: 768px) and (max-width: 1023px) {\n                    #ep-spacer-PNUCv {\n                        height: 20px;\n                    }\n                }\n            <\/style>\n            <div id=\"ep-spacer-PNUCv\"><\/div>\n        <\/section>\n    <\/div>\n\n\n\n<div id=\"ep-facts-list-block_8b4ad0a56ceeac96d67db00f271c6d0b\" class=\"ep-facts-list ep-block \">\n                        <div class=\"show-frontend\">\n                <div class=\"inner\">\n                    <div class=\"items\">\n                                                                                                                                                                    <div class=\"item\">\n                                <div class=\"image video-image-wrapper\">\n                                                                                        \n                <picture>\n        <source srcset=\"https:\/\/flovel.net\/wp-content\/uploads\/2025\/04\/gallery1280x853-researchanddevelopment01-500x280-c-center.jpg 1x\" media=\"(min-width: 1024px)\"\/>\n        <source srcset=\"https:\/\/flovel.net\/wp-content\/uploads\/2025\/04\/gallery1280x853-researchanddevelopment01-1024x574-c-center.jpg 1x\" media=\"(min-width: 768px)\"\/>\n        <source srcset=\"https:\/\/flovel.net\/wp-content\/uploads\/2025\/04\/gallery1280x853-researchanddevelopment01-768x431-c-center.jpg 1x\" media=\"(max-width: 767px)\"\/>\n        <img decoding=\"async\" src=\"https:\/\/flovel.net\/wp-content\/uploads\/2025\/04\/gallery1280x853-researchanddevelopment01-768x431-c-center.jpg\" alt=\"\" title=\"Gallery1280x853_ResearchAndDevelopment01\"\/>\n    <\/picture>\n            <a href=\"#video-modal-ANGGX\" data-video=\"https:\/\/flovel.net\/wp-content\/uploads\/2025\/06\/video-chinnar-model-test-kleiner.mp4\" class=\"link video open-modal\">\n            <span class=\"btn\"><?xml version=\"1.0\" encoding=\"UTF-8\" standalone=\"no\"?>\n<!DOCTYPE svg PUBLIC \"-\/\/W3C\/\/DTD SVG 1.1\/\/EN\" \"http:\/\/www.w3.org\/Graphics\/SVG\/1.1\/DTD\/svg11.dtd\">\n<svg width=\"100%\" height=\"100%\" viewBox=\"0 0 34 39\" version=\"1.1\" xmlns=\"http:\/\/www.w3.org\/2000\/svg\" xmlns:xlink=\"http:\/\/www.w3.org\/1999\/xlink\" xml:space=\"preserve\" xmlns:serif=\"http:\/\/www.serif.com\/\" style=\"fill-rule:evenodd;clip-rule:evenodd;stroke-linejoin:round;stroke-miterlimit:2;\">\n    <g transform=\"matrix(0.955392,0,0,0.955392,-23.751,-18.7308)\">\n        <path d=\"M59.96,39.16C60.61,39.54 60.61,40.47 59.96,40.85L26.32,60.27C25.67,60.65 24.86,60.18 24.86,59.43L24.86,20.58C24.86,19.83 25.67,19.36 26.32,19.74L59.96,39.16Z\" style=\"fill:white;fill-rule:nonzero;\"\/>\n    <\/g>\n<\/svg>\n<\/span>\n        <\/a>\n    \n                                                                    <\/div>\n                                                                    <h5>Model test<\/h5>\n                                \n                                                                    <div class=\"facts\">\n                                        <div class=\"facts-title\"><span>Fakten<\/span><span><\/span><\/div>\n                                        <div class=\"facts-content\"><p>Should the customer require a model test to be performed, FLOVEL is equipped to have a model test conducted at an accredited \/ independent model testing laboratory.<\/p>\n<\/div>\n                                    <\/div>\n                                                            <\/div>\n                                                                                                                                                                    <div class=\"item\">\n                                <div class=\"image video-image-wrapper\">\n                                                                                        \n                <picture>\n        <source srcset=\"https:\/\/flovel.net\/wp-content\/uploads\/2025\/04\/gallery1280x853-researchanddevelopment02-500x280-c-center.jpg 1x\" media=\"(min-width: 1024px)\"\/>\n        <source srcset=\"https:\/\/flovel.net\/wp-content\/uploads\/2025\/04\/gallery1280x853-researchanddevelopment02-1024x574-c-center.jpg 1x\" media=\"(min-width: 768px)\"\/>\n        <source srcset=\"https:\/\/flovel.net\/wp-content\/uploads\/2025\/04\/gallery1280x853-researchanddevelopment02-768x431-c-center.jpg 1x\" media=\"(max-width: 767px)\"\/>\n        <img decoding=\"async\" src=\"https:\/\/flovel.net\/wp-content\/uploads\/2025\/04\/gallery1280x853-researchanddevelopment02-768x431-c-center.jpg\" alt=\"\" title=\"Gallery1280x853_ResearchAndDevelopment02\"\/>\n    <\/picture>\n            <a href=\"#video-modal-ANGGX\" data-video=\"https:\/\/flovel.net\/wp-content\/uploads\/2025\/06\/video-francis-cfd-kleiner.mp4\" class=\"link video open-modal\">\n            <span class=\"btn\"><?xml version=\"1.0\" encoding=\"UTF-8\" standalone=\"no\"?>\n<!DOCTYPE svg PUBLIC \"-\/\/W3C\/\/DTD SVG 1.1\/\/EN\" \"http:\/\/www.w3.org\/Graphics\/SVG\/1.1\/DTD\/svg11.dtd\">\n<svg width=\"100%\" height=\"100%\" viewBox=\"0 0 34 39\" version=\"1.1\" xmlns=\"http:\/\/www.w3.org\/2000\/svg\" xmlns:xlink=\"http:\/\/www.w3.org\/1999\/xlink\" xml:space=\"preserve\" xmlns:serif=\"http:\/\/www.serif.com\/\" style=\"fill-rule:evenodd;clip-rule:evenodd;stroke-linejoin:round;stroke-miterlimit:2;\">\n    <g transform=\"matrix(0.955392,0,0,0.955392,-23.751,-18.7308)\">\n        <path d=\"M59.96,39.16C60.61,39.54 60.61,40.47 59.96,40.85L26.32,60.27C25.67,60.65 24.86,60.18 24.86,59.43L24.86,20.58C24.86,19.83 25.67,19.36 26.32,19.74L59.96,39.16Z\" style=\"fill:white;fill-rule:nonzero;\"\/>\n    <\/g>\n<\/svg>\n<\/span>\n        <\/a>\n    \n                                                                    <\/div>\n                                                                    <h5>CFD<\/h5>\n                                \n                                                                    <div class=\"facts\">\n                                        <div class=\"facts-title\"><span>Fakten<\/span><span><\/span><\/div>\n                                        <div class=\"facts-content\"><p>Tools to accurately predict flow characteristic. CFD is used to improve hydraulic design of turbine water passages, including the runner and static components. For renovation projects CFD is a very important tool for improving turbine output, efficiency and cavitation characteristics.<\/p>\n<\/div>\n                                    <\/div>\n                                                            <\/div>\n                                                                                                                                                                    <div class=\"item\">\n                                <div class=\"image video-image-wrapper\">\n                                                                                        \n                <picture>\n        <source srcset=\"https:\/\/flovel.net\/wp-content\/uploads\/2025\/04\/disturber1290x620-researchanddevelopment01-1-500x280-c-center.jpg 1x\" media=\"(min-width: 1024px)\"\/>\n        <source srcset=\"https:\/\/flovel.net\/wp-content\/uploads\/2025\/04\/disturber1290x620-researchanddevelopment01-1-1024x574-c-center.jpg 1x\" media=\"(min-width: 768px)\"\/>\n        <source srcset=\"https:\/\/flovel.net\/wp-content\/uploads\/2025\/04\/disturber1290x620-researchanddevelopment01-1-768x431-c-center.jpg 1x\" media=\"(max-width: 767px)\"\/>\n        <img decoding=\"async\" src=\"https:\/\/flovel.net\/wp-content\/uploads\/2025\/04\/disturber1290x620-researchanddevelopment01-1-768x431-c-center.jpg\" alt=\"\" title=\"Disturber1290x620_ResearchAndDevelopment01\"\/>\n    <\/picture>\n            <a href=\"#video-modal-ANGGX\" data-video=\"https:\/\/flovel.net\/wp-content\/uploads\/2025\/06\/video-kaplan-stress-closed-fe-kleiner.mp4\" class=\"link video open-modal\">\n            <span class=\"btn\"><?xml version=\"1.0\" encoding=\"UTF-8\" standalone=\"no\"?>\n<!DOCTYPE svg PUBLIC \"-\/\/W3C\/\/DTD SVG 1.1\/\/EN\" \"http:\/\/www.w3.org\/Graphics\/SVG\/1.1\/DTD\/svg11.dtd\">\n<svg width=\"100%\" height=\"100%\" viewBox=\"0 0 34 39\" version=\"1.1\" xmlns=\"http:\/\/www.w3.org\/2000\/svg\" xmlns:xlink=\"http:\/\/www.w3.org\/1999\/xlink\" xml:space=\"preserve\" xmlns:serif=\"http:\/\/www.serif.com\/\" style=\"fill-rule:evenodd;clip-rule:evenodd;stroke-linejoin:round;stroke-miterlimit:2;\">\n    <g transform=\"matrix(0.955392,0,0,0.955392,-23.751,-18.7308)\">\n        <path d=\"M59.96,39.16C60.61,39.54 60.61,40.47 59.96,40.85L26.32,60.27C25.67,60.65 24.86,60.18 24.86,59.43L24.86,20.58C24.86,19.83 25.67,19.36 26.32,19.74L59.96,39.16Z\" style=\"fill:white;fill-rule:nonzero;\"\/>\n    <\/g>\n<\/svg>\n<\/span>\n        <\/a>\n    \n                                                                    <\/div>\n                                                                    <h5>FEM<\/h5>\n                                \n                                                                    <div class=\"facts\">\n                                        <div class=\"facts-title\"><span>Fakten<\/span><span><\/span><\/div>\n                                        <div class=\"facts-content\"><p>Finite element method (FEM) tools for calculating stresses, strains and deflections in components of a hydraulic turbine.<\/p>\n<\/div>\n                                    <\/div>\n                                                            <\/div>\n                                            <\/div>\n                <\/div>\n            <\/div>\n            <\/div>\n    <div class=\"modal \" id=\"video-modal-ANGGX\">\n        <div class=\"modal-inner\">\n            <a href=\"#\" class=\"close-modal btn\">\n                <i class=\"fa-light fa-circle-minus\"><\/i>\n            <\/a>\n            <div class=\"body\">\n                            <\/div>\n        <\/div>\n    <\/div>\n\n\n<div id=\"ep-block-spacer-block_b44932c15b9d244d8f09c9e33138719f\" class=\"ep-block-spacer ep-block \">\n            <section  class=\"show-frontend  \">\n                        <style>\n                #ep-spacer-fcN1S {\n                    height: 100px;\n                }\n\n                @media (max-width: 767px) {\n                    #ep-spacer-fcN1S {\n                        height: 50px;\n                    }\n                }\n\n                @media (min-width: 768px) and (max-width: 1023px) {\n                    #ep-spacer-fcN1S {\n                        height: 80px;\n                    }\n                }\n            <\/style>\n            <div id=\"ep-spacer-fcN1S\"><\/div>\n        <\/section>\n    <\/div>\n\n\n<div class=\"wp-block-group\"><div class=\"wp-block-group__inner-container is-layout-constrained wp-block-group-is-layout-constrained\">\n<div class=\"wp-block-columns is-layout-flex wp-container-core-columns-is-layout-9d6595d7 wp-block-columns-is-layout-flex\">\n<div class=\"wp-block-column is-layout-flow wp-block-column-is-layout-flow\"><div id=\"ep-title-text-block_4a63f6a32168ef06b63303a61c23b5bc\" class=\"ep-title-text ep-block \">\n            <div class=\"show-frontend\">\n            <div class=\"inner alignment-left\">\n                                    <h3 class=\"title \">Maschinelles Lernen \u2013 Die Zukunft der Effizienz<\/h3>\n                                            <\/div>\n        <\/div>\n    <\/div>\n\n\n<div id=\"ep-wysiwyg-block_aa407f4b97189af2e3fe8dba0fb11185\" class=\"ep-wysiwyg ep-block \">\n                        <section class=\"show-frontend\">\n                <div class=\"inner\">\n                    <p>Maschinelles Lernen ist ein Bestandteil der K\u00fcnstlichen Intelligenz (KI). Es konzentriert sich darauf, Computern beizubringen, aus Daten, Erfahrungen und Maschinenverhalten zu lernen, um sich kontinuierlich zu verbessern. Die Prozesse werden mit zunehmendem Einsatz und mehr verf\u00fcgbaren Daten immer pr\u00e4ziser. Maschinelles Lernen kann verwendet werden, um Muster zu erkennen, Ergebnisse vorherzusagen, wichtige Entscheidungen zu treffen und schneller auf auftretende Probleme zu reagieren. iNDUS wird Betriebsabl\u00e4ufe unter verschiedenen Bedingungen analysieren, einschlie\u00dflich Wasserst\u00e4nden, Umgebungstemperaturen, Lasten und Hilfsbedingungen. Basierend auf dieser Analyse wird es Betriebsbedingungen vorhersagen und Warnmeldungen ausgeben, wenn Anomalien erkannt werden.<\/p>\n\n                <\/div>\n            <\/section>\n            <\/div>\n<\/div>\n\n\n\n<div class=\"wp-block-column is-layout-flow wp-block-column-is-layout-flow\"><div id=\"ep-image-block_fecfac41f824c374751642a52ea391a4\" class=\"ep-image ep-block \">\n                        <div class=\"show-frontend\">\n                <div class=\"inner\">\n                                                            \n                                                                                <picture>\n                        <source srcset=\"https:\/\/flovel.net\/wp-content\/uploads\/2025\/07\/gallery1280x853-researchanddevelopment03-1280x0-c-center.jpg 1x\" media=\"(min-width: 1024px)\"\/>\n                        <source srcset=\"https:\/\/flovel.net\/wp-content\/uploads\/2025\/07\/gallery1280x853-researchanddevelopment03-1024x0-c-center.jpg 1x\" media=\"(min-width: 768px)\"\/>\n                        <source srcset=\"https:\/\/flovel.net\/wp-content\/uploads\/2025\/07\/gallery1280x853-researchanddevelopment03-768x0-c-center.jpg 1x\" media=\"(max-width: 767px)\"\/>\n                        <img decoding=\"async\" src=\"https:\/\/flovel.net\/wp-content\/uploads\/2025\/07\/gallery1280x853-researchanddevelopment03-768x0-c-center.jpg\" alt=\"\" title=\"Gallery1280x853_ResearchAndDevelopment03\"\/>\n                    <\/picture>\n                <\/div>\n            <\/div>\n            <\/div><\/div>\n<\/div>\n<\/div><\/div>\n\n\n<div id=\"ep-block-spacer-block_b44932c15b9d244d8f09c9e33138719f\" class=\"ep-block-spacer ep-block \">\n            <section  class=\"show-frontend  \">\n                        <style>\n                #ep-spacer-VQRbs {\n                    height: 100px;\n                }\n\n                @media (max-width: 767px) {\n                    #ep-spacer-VQRbs {\n                        height: 50px;\n                    }\n                }\n\n                @media (min-width: 768px) and (max-width: 1023px) {\n                    #ep-spacer-VQRbs {\n                        height: 80px;\n                    }\n                }\n            <\/style>\n            <div id=\"ep-spacer-VQRbs\"><\/div>\n        <\/section>\n    <\/div>","protected":false},"excerpt":{"rendered":"","protected":false},"author":3,"featured_media":0,"parent":0,"menu_order":0,"comment_status":"closed","ping_status":"closed","template":"","meta":{"_acf_changed":false,"footnotes":""},"class_list":["post-5073","page","type-page","status-publish","hentry"],"acf":[],"yoast_head":"<!-- This site is optimized with the Yoast SEO plugin v26.4 - https:\/\/yoast.com\/wordpress\/plugins\/seo\/ -->\n<title>Forschung &amp; Entwicklung - FLOVEL Energy<\/title>\n<meta name=\"robots\" content=\"index, follow, max-snippet:-1, max-image-preview:large, max-video-preview:-1\" \/>\n<link rel=\"canonical\" href=\"https:\/\/flovel.net\/de\/forschung-entwicklung\/\" \/>\n<meta property=\"og:locale\" content=\"de_DE\" \/>\n<meta property=\"og:type\" content=\"article\" \/>\n<meta property=\"og:title\" content=\"Forschung &amp; Entwicklung - FLOVEL Energy\" \/>\n<meta property=\"og:url\" content=\"https:\/\/flovel.net\/de\/forschung-entwicklung\/\" \/>\n<meta property=\"og:site_name\" content=\"FLOVEL Energy\" \/>\n<meta property=\"article:modified_time\" content=\"2025-08-04T10:15:42+00:00\" \/>\n<meta name=\"twitter:card\" content=\"summary_large_image\" \/>\n<script type=\"application\/ld+json\" class=\"yoast-schema-graph\">{\"@context\":\"https:\/\/schema.org\",\"@graph\":[{\"@type\":\"WebPage\",\"@id\":\"https:\/\/flovel.net\/de\/forschung-entwicklung\/\",\"url\":\"https:\/\/flovel.net\/de\/forschung-entwicklung\/\",\"name\":\"Forschung &amp; Entwicklung - FLOVEL Energy\",\"isPartOf\":{\"@id\":\"https:\/\/flovel.net\/de\/#website\"},\"datePublished\":\"2025-04-08T13:16:53+00:00\",\"dateModified\":\"2025-08-04T10:15:42+00:00\",\"breadcrumb\":{\"@id\":\"https:\/\/flovel.net\/de\/forschung-entwicklung\/#breadcrumb\"},\"inLanguage\":\"de\",\"potentialAction\":[{\"@type\":\"ReadAction\",\"target\":[\"https:\/\/flovel.net\/de\/forschung-entwicklung\/\"]}]},{\"@type\":\"BreadcrumbList\",\"@id\":\"https:\/\/flovel.net\/de\/forschung-entwicklung\/#breadcrumb\",\"itemListElement\":[{\"@type\":\"ListItem\",\"position\":1,\"name\":\"Home\",\"item\":\"https:\/\/flovel.net\/de\/\"},{\"@type\":\"ListItem\",\"position\":2,\"name\":\"Forschung &amp; Entwicklung\"}]},{\"@type\":\"WebSite\",\"@id\":\"https:\/\/flovel.net\/de\/#website\",\"url\":\"https:\/\/flovel.net\/de\/\",\"name\":\"FLOVEL Energy\",\"description\":\"Advantage on your side\",\"potentialAction\":[{\"@type\":\"SearchAction\",\"target\":{\"@type\":\"EntryPoint\",\"urlTemplate\":\"https:\/\/flovel.net\/de\/?s={search_term_string}\"},\"query-input\":{\"@type\":\"PropertyValueSpecification\",\"valueRequired\":true,\"valueName\":\"search_term_string\"}}],\"inLanguage\":\"de\"}]}<\/script>\n<!-- \/ Yoast SEO plugin. -->","yoast_head_json":{"title":"Forschung &amp; Entwicklung - FLOVEL Energy","robots":{"index":"index","follow":"follow","max-snippet":"max-snippet:-1","max-image-preview":"max-image-preview:large","max-video-preview":"max-video-preview:-1"},"canonical":"https:\/\/flovel.net\/de\/forschung-entwicklung\/","og_locale":"de_DE","og_type":"article","og_title":"Forschung &amp; Entwicklung - FLOVEL Energy","og_url":"https:\/\/flovel.net\/de\/forschung-entwicklung\/","og_site_name":"FLOVEL Energy","article_modified_time":"2025-08-04T10:15:42+00:00","twitter_card":"summary_large_image","schema":{"@context":"https:\/\/schema.org","@graph":[{"@type":"WebPage","@id":"https:\/\/flovel.net\/de\/forschung-entwicklung\/","url":"https:\/\/flovel.net\/de\/forschung-entwicklung\/","name":"Forschung &amp; Entwicklung - FLOVEL Energy","isPartOf":{"@id":"https:\/\/flovel.net\/de\/#website"},"datePublished":"2025-04-08T13:16:53+00:00","dateModified":"2025-08-04T10:15:42+00:00","breadcrumb":{"@id":"https:\/\/flovel.net\/de\/forschung-entwicklung\/#breadcrumb"},"inLanguage":"de","potentialAction":[{"@type":"ReadAction","target":["https:\/\/flovel.net\/de\/forschung-entwicklung\/"]}]},{"@type":"BreadcrumbList","@id":"https:\/\/flovel.net\/de\/forschung-entwicklung\/#breadcrumb","itemListElement":[{"@type":"ListItem","position":1,"name":"Home","item":"https:\/\/flovel.net\/de\/"},{"@type":"ListItem","position":2,"name":"Forschung &amp; Entwicklung"}]},{"@type":"WebSite","@id":"https:\/\/flovel.net\/de\/#website","url":"https:\/\/flovel.net\/de\/","name":"FLOVEL Energy","description":"Advantage on your side","potentialAction":[{"@type":"SearchAction","target":{"@type":"EntryPoint","urlTemplate":"https:\/\/flovel.net\/de\/?s={search_term_string}"},"query-input":{"@type":"PropertyValueSpecification","valueRequired":true,"valueName":"search_term_string"}}],"inLanguage":"de"}]}},"_links":{"self":[{"href":"https:\/\/flovel.net\/de\/wp-json\/wp\/v2\/pages\/5073","targetHints":{"allow":["GET"]}}],"collection":[{"href":"https:\/\/flovel.net\/de\/wp-json\/wp\/v2\/pages"}],"about":[{"href":"https:\/\/flovel.net\/de\/wp-json\/wp\/v2\/types\/page"}],"author":[{"embeddable":true,"href":"https:\/\/flovel.net\/de\/wp-json\/wp\/v2\/users\/3"}],"replies":[{"embeddable":true,"href":"https:\/\/flovel.net\/de\/wp-json\/wp\/v2\/comments?post=5073"}],"version-history":[{"count":1,"href":"https:\/\/flovel.net\/de\/wp-json\/wp\/v2\/pages\/5073\/revisions"}],"predecessor-version":[{"id":5075,"href":"https:\/\/flovel.net\/de\/wp-json\/wp\/v2\/pages\/5073\/revisions\/5075"}],"wp:attachment":[{"href":"https:\/\/flovel.net\/de\/wp-json\/wp\/v2\/media?parent=5073"}],"curies":[{"name":"wp","href":"https:\/\/api.w.org\/{rel}","templated":true}]}}