{"id":5130,"date":"2025-03-28T12:31:54","date_gmt":"2025-03-28T12:31:54","guid":{"rendered":"http:\/\/flovel.net.localhost\/indus\/"},"modified":"2025-08-04T12:02:37","modified_gmt":"2025-08-04T12:02:37","slug":"indus","status":"publish","type":"page","link":"https:\/\/flovel.net\/de\/indus\/","title":{"rendered":"iNDUS"},"content":{"rendered":"<div id=\"ep-page-header-block_01ac01f88d21c97ff5f6f65849c9ed43\" class=\"ep-page-header ep-block \">\n                        <div class=\"show-frontend\">\n                <div class=\"slides size-sub\">\n                                            <div class=\"slide slide-start\">\n\n\n                            \n                                                                                                \n                                                                                                                                                                                \n\n                                                                                                                                <picture>\n                                    <source srcset=\"https:\/\/flovel.net\/wp-content\/uploads\/2025\/03\/subpageheader1920x640-indus01-1920x640-c-center.jpg 1x\" media=\"(min-width: 1024px)\"\/>\n                                    <source srcset=\"https:\/\/flovel.net\/wp-content\/uploads\/2025\/03\/subpageheader1920x640-indus01-1024x500-c-center.jpg 1x\" media=\"(min-width: 768px)\"\/>\n                                    <source srcset=\"https:\/\/flovel.net\/wp-content\/uploads\/2025\/03\/subpageheader1920x640-indus01-768x500-c-center.jpg 1x\" media=\"(max-width: 767px)\"\/>\n                                    <img decoding=\"async\" src=\"https:\/\/flovel.net\/wp-content\/uploads\/2025\/03\/subpageheader1920x640-indus01-768x500-c-center.jpg\" alt=\"\" title=\"SubPageHeader1920x640_Indus01\"\/>\n                                <\/picture>\n\n                            \n                            <div class=\"inner title-position-bottom\">\n                                <div class=\"text\">\n                                                                    <\/div>\n                            <\/div>\n                        <\/div>\n                                    <\/div>\n            <\/div>\n            <\/div>\n\n\n<div id=\"ep-block-spacer-block_c9ddc9ce451809a71c0a2c375a3f6064\" class=\"ep-block-spacer ep-block \">\n            <section  class=\"show-frontend  \">\n                        <style>\n                #ep-spacer-GkkOb {\n                    height: 80px;\n                }\n\n                @media (max-width: 767px) {\n                    #ep-spacer-GkkOb {\n                        height: 40px;\n                    }\n                }\n\n                @media (min-width: 768px) and (max-width: 1023px) {\n                    #ep-spacer-GkkOb {\n                        height: 60px;\n                    }\n                }\n            <\/style>\n            <div id=\"ep-spacer-GkkOb\"><\/div>\n        <\/section>\n    <\/div>\n\n<div id=\"ep-title-text-block_fa90d58eeb70668e7153359138ea9034\" class=\"ep-title-text ep-block \">\n            <div class=\"show-frontend\">\n            <div class=\"inner alignment-center\">\n                                                    <div class=\"text\">\n                        <p>Ma\u00dfgeschneidert f\u00fcr Wasserkraftwerke wurde iNDUS entwickelt, um die speziellen Bed\u00fcrfnisse von Wasserkraftwerken zu erf\u00fcllen und ist gleichzeitig benutzerfreundlich in der Bedienung und Wartung. Es bietet ein vollst\u00e4ndiges Digitales Intelligenz-\u00d6kosystem, das die Leistung steigert und das Kraftwerk buchst\u00e4blich in Ihre Tasche bringt.<\/p>\n\n                    <\/div>\n                            <\/div>\n        <\/div>\n    <\/div>\n\n\n<div id=\"ep-block-spacer-block_0614279d2fef628a7434e3c27a3355b7\" class=\"ep-block-spacer ep-block \">\n            <section  class=\"show-frontend  \">\n                        <style>\n                #ep-spacer-kYn4N {\n                    height: 100px;\n                }\n\n                @media (max-width: 767px) {\n                    #ep-spacer-kYn4N {\n                        height: 50px;\n                    }\n                }\n\n                @media (min-width: 768px) and (max-width: 1023px) {\n                    #ep-spacer-kYn4N {\n                        height: 80px;\n                    }\n                }\n            <\/style>\n            <div id=\"ep-spacer-kYn4N\"><\/div>\n        <\/section>\n    <\/div>\n\n\n<div class=\"wp-block-group\"><div class=\"wp-block-group__inner-container is-layout-constrained wp-block-group-is-layout-constrained\">\n<div class=\"wp-block-columns is-layout-flex wp-container-core-columns-is-layout-9d6595d7 wp-block-columns-is-layout-flex\">\n<div class=\"wp-block-column is-layout-flow wp-block-column-is-layout-flow\"><div id=\"ep-title-text-block_6e6003a065d183545b2d2530ae54029c\" class=\"ep-title-text ep-block \">\n            <div class=\"show-frontend\">\n            <div class=\"inner alignment-left\">\n                                    <h4 class=\"title \">Hauptmerkmale von iNDUS:<\/h4>\n                                            <\/div>\n        <\/div>\n    <\/div>\n\n\n<div id=\"ep-wysiwyg-block_b1ae47e4b6ff6c61750ef49f93f7e1c6\" class=\"ep-wysiwyg ep-block \">\n                        <section class=\"show-frontend\">\n                <div class=\"inner\">\n                    <ol>\n<li>Digitaler Turbinenregler<\/li>\n<li>Software-Interface auf Anlagenniveau f\u00fcr Steuerung &amp; \u00dcberwachung<\/li>\n<li>Echtzeit-Remote-\u00dcberwachung (Mobile \/ Laptop \/ LSD)<\/li>\n<li>Alarmmanagement, Push-Benachrichtigungen, E-Mail-Berichterstattung<\/li>\n<li>Gateway f\u00fcr die Kommunikation mit dem Lastverteilzentrum<\/li>\n<li>Echtzeit- und historische Datenspeicherung, integrierte Datensicherheit<\/li>\n<li>Berichtmanagement<\/li>\n<\/ol>\n\n                <\/div>\n            <\/section>\n            <\/div>\n<\/div>\n\n\n\n<div class=\"wp-block-column is-layout-flow wp-block-column-is-layout-flow\"><div id=\"ep-video-block_14b3cee45557bfa328d9f06d93347739\" class=\"ep-video ep-block \">\n                        <div class=\"show-frontend\">\n                <div class=\"inner\">\n                    <div class=\"video-image-wrapper\">\n                                                                        \n                                                                                                <picture>\n                            <source srcset=\"https:\/\/flovel.net\/wp-content\/uploads\/2025\/03\/fullwidthimageslider1280x720-indus03-1280x717-c-center.jpg 1x\" media=\"(min-width: 1024px)\"\/>\n                            <source srcset=\"https:\/\/flovel.net\/wp-content\/uploads\/2025\/03\/fullwidthimageslider1280x720-indus03-1024x574-c-center.jpg 1x\" media=\"(min-width: 768px)\"\/>\n                            <source srcset=\"https:\/\/flovel.net\/wp-content\/uploads\/2025\/03\/fullwidthimageslider1280x720-indus03-768x430-c-center.jpg 1x\" media=\"(max-width: 767px)\"\/>\n                            <img decoding=\"async\" src=\"https:\/\/flovel.net\/wp-content\/uploads\/2025\/03\/fullwidthimageslider1280x720-indus03-768x430-c-center.jpg\" alt=\"\" title=\"FullWidthImageSlider1280x720_Indus03\"\/>\n                        <\/picture>\n                                                    <a href=\"#video-modal-W8mFD\" data-video=\"https:\/\/flovel.net\/wp-content\/uploads\/2025\/06\/video-indus-flovel-master-small.mp4\" class=\"link video open-modal\">\n                                <span class=\"btn\">\n                                    <?xml version=\"1.0\" encoding=\"UTF-8\" standalone=\"no\"?>\n<!DOCTYPE svg PUBLIC \"-\/\/W3C\/\/DTD SVG 1.1\/\/EN\" \"http:\/\/www.w3.org\/Graphics\/SVG\/1.1\/DTD\/svg11.dtd\">\n<svg width=\"100%\" height=\"100%\" viewBox=\"0 0 34 39\" version=\"1.1\" xmlns=\"http:\/\/www.w3.org\/2000\/svg\" xmlns:xlink=\"http:\/\/www.w3.org\/1999\/xlink\" xml:space=\"preserve\" xmlns:serif=\"http:\/\/www.serif.com\/\" style=\"fill-rule:evenodd;clip-rule:evenodd;stroke-linejoin:round;stroke-miterlimit:2;\">\n    <g transform=\"matrix(0.955392,0,0,0.955392,-23.751,-18.7308)\">\n        <path d=\"M59.96,39.16C60.61,39.54 60.61,40.47 59.96,40.85L26.32,60.27C25.67,60.65 24.86,60.18 24.86,59.43L24.86,20.58C24.86,19.83 25.67,19.36 26.32,19.74L59.96,39.16Z\" style=\"fill:white;fill-rule:nonzero;\"\/>\n    <\/g>\n<\/svg>\n                                <\/span>\n                            <\/a>\n                                            <\/div>\n                <\/div>\n            <\/div>\n            <\/div>\n    <div class=\"modal \" id=\"video-modal-W8mFD\">\n        <div class=\"modal-inner\">\n            <a href=\"#\" class=\"close-modal btn\">\n                <i class=\"fa-light fa-circle-minus\"><\/i>\n            <\/a>\n            <div class=\"body\">\n                            <\/div>\n        <\/div>\n    <\/div>\n<\/div>\n<\/div>\n<\/div><\/div>\n\n\n\n<div class=\"wp-block-group\"><div class=\"wp-block-group__inner-container is-layout-constrained wp-block-group-is-layout-constrained\">\n<div class=\"wp-block-columns is-layout-flex wp-container-core-columns-is-layout-9d6595d7 wp-block-columns-is-layout-flex\">\n<div class=\"wp-block-column is-layout-flow wp-block-column-is-layout-flow\"><div id=\"ep-gallery-block_758075987beac063a9152bed06abb86a\" class=\"ep-gallery ep-block \">\n                        <div class=\"show-frontend\">\n                <div class=\"inner\">\n                    <div class=\"items cols-1\">\n                                                    <div class=\"item\">\n                                                                                                \n                                                                                                                                                                <picture>\n                                    <source srcset=\"https:\/\/flovel.net\/wp-content\/uploads\/2025\/06\/gallery1280x853-indus11-600x400-c-center.jpg 1x\" media=\"(min-width: 1024px)\"\/>\n                                    <source srcset=\"https:\/\/flovel.net\/wp-content\/uploads\/2025\/06\/gallery1280x853-indus11-600x400-c-center.jpg 1x\" media=\"(min-width: 768px)\"\/>\n                                    <source srcset=\"https:\/\/flovel.net\/wp-content\/uploads\/2025\/06\/gallery1280x853-indus11-600x400-c-center.jpg 1x\" media=\"(max-width: 767px)\"\/>\n                                    <img decoding=\"async\" src=\"https:\/\/flovel.net\/wp-content\/uploads\/2025\/06\/gallery1280x853-indus11-600x400-c-center.jpg\" alt=\"\" title=\"Gallery1280x853_Indus11\"\/>\n                                <\/picture>\n                                <a href=\"#gallery-item-modal-xOacn\" data-image=\"https:\/\/flovel.net\/wp-content\/uploads\/2025\/06\/gallery1280x853-indus11-1024x0-c-default.jpg\" class=\"btn gallery-item open-modal\">\n                                    <span><i class=\"fa-light fa-plus-circle\"><\/i><\/span>\n                                <\/a>\n                            <\/div>\n                                            <\/div>\n                <\/div>\n            <\/div>\n            <\/div>\n    <div class=\"modal \" id=\"gallery-item-modal-xOacn\">\n        <div class=\"modal-inner\">\n            <a href=\"#\" class=\"close-modal btn\">\n                <i class=\"fa-light fa-circle-minus\"><\/i>\n            <\/a>\n            <div class=\"body\">\n                            <\/div>\n        <\/div>\n    <\/div>\n<\/div>\n\n\n\n<div class=\"wp-block-column is-layout-flow wp-block-column-is-layout-flow\"><div id=\"ep-title-text-block_10327ed5d737402bf39e8ee34ae772f2\" class=\"ep-title-text ep-block \">\n            <div class=\"show-frontend\">\n            <div class=\"inner alignment-left\">\n                                    <h4 class=\"title \">Hauptvorteile von iNDUS:<\/h4>\n                                            <\/div>\n        <\/div>\n    <\/div>\n\n\n<div id=\"ep-wysiwyg-block_7bc946a89fabef0b44f6587a804d0e35\" class=\"ep-wysiwyg ep-block \">\n                        <section class=\"show-frontend\">\n                <div class=\"inner\">\n                    <ol>\n<li>Vielseitigkeit: L\u00f6sung f\u00fcr alle Turbinentypen und -kapazit\u00e4ten. Kann sowohl f\u00fcr neue als auch bestehende Anlagen eingesetzt werden.<\/li>\n<li>Flexibilit\u00e4t: Verf\u00fcgt \u00fcber mehrere Plug-and-Play-Funktionalit\u00e4ten und -Features.<\/li>\n<li>Benutzerfreundlich: Einfache Bedienoberfl\u00e4che. Leicht zu warten, zu betreiben und einzusetzen.<\/li>\n<li>Kosteneffiziente L\u00f6sung: Das System wurde speziell f\u00fcr Wasserkraftwerke entwickelt, welches die Bedienung und Wartung vereinfachten. Es ist keine Expertise im SCADA-System erforderlich.<\/li>\n<li>Sicherheit: Das System wurde mit einer hochintegrierten Sicherheitsarchitektur f\u00fcr den Datenschutz und die Sicherheit entwickelt.<\/li>\n<\/ol>\n\n                <\/div>\n            <\/section>\n            <\/div>\n<\/div>\n<\/div>\n<\/div><\/div>\n\n\n<div id=\"ep-block-spacer-block_0614279d2fef628a7434e3c27a3355b7\" class=\"ep-block-spacer ep-block \">\n            <section  class=\"show-frontend  \">\n                        <style>\n                #ep-spacer-VEw7I {\n                    height: 100px;\n                }\n\n                @media (max-width: 767px) {\n                    #ep-spacer-VEw7I {\n                        height: 50px;\n                    }\n                }\n\n                @media (min-width: 768px) and (max-width: 1023px) {\n                    #ep-spacer-VEw7I {\n                        height: 80px;\n                    }\n                }\n            <\/style>\n            <div id=\"ep-spacer-VEw7I\"><\/div>\n        <\/section>\n    <\/div>\n\n<div id=\"ep-full-width-image-slider-block_59a6b9563edb7669dfabb1ecd0f28c62\" class=\"ep-full-width-image-slider ep-block \">\n                        <div class=\"show-frontend\">\n                <div class=\"inner\">\n                    <div class=\"handles\">\n                        <div class=\"handles-inner\">\n                            <button class=\"slick-prev slick-arrow\" aria-label=\"Prev\" type=\"button\" style=\"\">\n                                <i class=\"fa-light fa-arrow-left\"><\/i>\n                            <\/button>\n                            <button class=\"slick-next slick-arrow\" aria-label=\"Next\" type=\"button\" style=\"\">\n                                <i class=\"fa-light fa-arrow-right\"><\/i>\n                            <\/button>\n                        <\/div>\n                    <\/div>\n                    <div class=\"slider\">\n                                                                                    <div class=\"slide-item\">\n                                                                                                            \n                                                                                                                                                <picture>\n                                        <source srcset=\"https:\/\/flovel.net\/wp-content\/uploads\/2025\/04\/fullwidthimageslider1280x720-indus01-1132x524-c-center.jpg 1x\" media=\"(min-width: 1024px)\"\/>\n                                        <source srcset=\"https:\/\/flovel.net\/wp-content\/uploads\/2025\/04\/fullwidthimageslider1280x720-indus01-1024x0-c-center.jpg 1x\" media=\"(min-width: 768px)\"\/>\n                                        <source srcset=\"https:\/\/flovel.net\/wp-content\/uploads\/2025\/04\/fullwidthimageslider1280x720-indus01-768x0-c-center.jpg 1x\" media=\"(max-width: 767px)\"\/>\n                                        <img decoding=\"async\" src=\"https:\/\/flovel.net\/wp-content\/uploads\/2025\/04\/fullwidthimageslider1280x720-indus01-768x0-c-center.jpg\" alt=\"\" title=\"FullWidthImageSlider1280x720_Indus01\"\/>\n                                    <\/picture>\n                                <\/div>\n                                                                                                                <div class=\"slide-item\">\n                                                                                                            \n                                                                                                                                                <picture>\n                                        <source srcset=\"https:\/\/flovel.net\/wp-content\/uploads\/2025\/04\/fullwidthimageslider1280x720-indus02-1132x524-c-center.jpg 1x\" media=\"(min-width: 1024px)\"\/>\n                                        <source srcset=\"https:\/\/flovel.net\/wp-content\/uploads\/2025\/04\/fullwidthimageslider1280x720-indus02-1024x0-c-center.jpg 1x\" media=\"(min-width: 768px)\"\/>\n                                        <source srcset=\"https:\/\/flovel.net\/wp-content\/uploads\/2025\/04\/fullwidthimageslider1280x720-indus02-768x0-c-center.jpg 1x\" media=\"(max-width: 767px)\"\/>\n                                        <img decoding=\"async\" src=\"https:\/\/flovel.net\/wp-content\/uploads\/2025\/04\/fullwidthimageslider1280x720-indus02-768x0-c-center.jpg\" alt=\"\" title=\"FullWidthImageSlider1280x720_Indus02\"\/>\n                                    <\/picture>\n                                <\/div>\n                                                                                                                <div class=\"slide-item\">\n                                                                                                            \n                                                                                                                                                <picture>\n                                        <source srcset=\"https:\/\/flovel.net\/wp-content\/uploads\/2025\/04\/fullwidthimageslider1280x720-indus04-1132x524-c-center.jpg 1x\" media=\"(min-width: 1024px)\"\/>\n                                        <source srcset=\"https:\/\/flovel.net\/wp-content\/uploads\/2025\/04\/fullwidthimageslider1280x720-indus04-1024x0-c-center.jpg 1x\" media=\"(min-width: 768px)\"\/>\n                                        <source srcset=\"https:\/\/flovel.net\/wp-content\/uploads\/2025\/04\/fullwidthimageslider1280x720-indus04-768x0-c-center.jpg 1x\" media=\"(max-width: 767px)\"\/>\n                                        <img decoding=\"async\" src=\"https:\/\/flovel.net\/wp-content\/uploads\/2025\/04\/fullwidthimageslider1280x720-indus04-768x0-c-center.jpg\" alt=\"\" title=\"FullWidthImageSlider1280x720_Indus04\"\/>\n                                    <\/picture>\n                                <\/div>\n                                                                        <\/div>\n                <\/div>\n            <\/div>\n            <\/div>","protected":false},"excerpt":{"rendered":"","protected":false},"author":3,"featured_media":0,"parent":0,"menu_order":0,"comment_status":"closed","ping_status":"closed","template":"","meta":{"_acf_changed":false,"footnotes":""},"class_list":["post-5130","page","type-page","status-publish","hentry"],"acf":[],"yoast_head":"<!-- This site is optimized with the Yoast SEO plugin v26.4 - https:\/\/yoast.com\/wordpress\/plugins\/seo\/ -->\n<title>iNDUS - FLOVEL Energy<\/title>\n<meta name=\"robots\" content=\"index, follow, max-snippet:-1, max-image-preview:large, max-video-preview:-1\" \/>\n<link rel=\"canonical\" href=\"https:\/\/flovel.net\/de\/indus\/\" \/>\n<meta property=\"og:locale\" content=\"de_DE\" \/>\n<meta property=\"og:type\" content=\"article\" \/>\n<meta property=\"og:title\" content=\"iNDUS - FLOVEL Energy\" \/>\n<meta property=\"og:url\" content=\"https:\/\/flovel.net\/de\/indus\/\" \/>\n<meta property=\"og:site_name\" content=\"FLOVEL Energy\" \/>\n<meta property=\"article:modified_time\" content=\"2025-08-04T12:02:37+00:00\" \/>\n<meta name=\"twitter:card\" content=\"summary_large_image\" \/>\n<script type=\"application\/ld+json\" class=\"yoast-schema-graph\">{\"@context\":\"https:\/\/schema.org\",\"@graph\":[{\"@type\":\"WebPage\",\"@id\":\"https:\/\/flovel.net\/de\/indus\/\",\"url\":\"https:\/\/flovel.net\/de\/indus\/\",\"name\":\"iNDUS - FLOVEL Energy\",\"isPartOf\":{\"@id\":\"https:\/\/flovel.net\/de\/#website\"},\"datePublished\":\"2025-03-28T12:31:54+00:00\",\"dateModified\":\"2025-08-04T12:02:37+00:00\",\"breadcrumb\":{\"@id\":\"https:\/\/flovel.net\/de\/indus\/#breadcrumb\"},\"inLanguage\":\"de\",\"potentialAction\":[{\"@type\":\"ReadAction\",\"target\":[\"https:\/\/flovel.net\/de\/indus\/\"]}]},{\"@type\":\"BreadcrumbList\",\"@id\":\"https:\/\/flovel.net\/de\/indus\/#breadcrumb\",\"itemListElement\":[{\"@type\":\"ListItem\",\"position\":1,\"name\":\"Home\",\"item\":\"https:\/\/flovel.net\/de\/\"},{\"@type\":\"ListItem\",\"position\":2,\"name\":\"iNDUS\"}]},{\"@type\":\"WebSite\",\"@id\":\"https:\/\/flovel.net\/de\/#website\",\"url\":\"https:\/\/flovel.net\/de\/\",\"name\":\"FLOVEL Energy\",\"description\":\"Advantage on your side\",\"potentialAction\":[{\"@type\":\"SearchAction\",\"target\":{\"@type\":\"EntryPoint\",\"urlTemplate\":\"https:\/\/flovel.net\/de\/?s={search_term_string}\"},\"query-input\":{\"@type\":\"PropertyValueSpecification\",\"valueRequired\":true,\"valueName\":\"search_term_string\"}}],\"inLanguage\":\"de\"}]}<\/script>\n<!-- \/ Yoast SEO plugin. -->","yoast_head_json":{"title":"iNDUS - FLOVEL Energy","robots":{"index":"index","follow":"follow","max-snippet":"max-snippet:-1","max-image-preview":"max-image-preview:large","max-video-preview":"max-video-preview:-1"},"canonical":"https:\/\/flovel.net\/de\/indus\/","og_locale":"de_DE","og_type":"article","og_title":"iNDUS - FLOVEL Energy","og_url":"https:\/\/flovel.net\/de\/indus\/","og_site_name":"FLOVEL Energy","article_modified_time":"2025-08-04T12:02:37+00:00","twitter_card":"summary_large_image","schema":{"@context":"https:\/\/schema.org","@graph":[{"@type":"WebPage","@id":"https:\/\/flovel.net\/de\/indus\/","url":"https:\/\/flovel.net\/de\/indus\/","name":"iNDUS - FLOVEL Energy","isPartOf":{"@id":"https:\/\/flovel.net\/de\/#website"},"datePublished":"2025-03-28T12:31:54+00:00","dateModified":"2025-08-04T12:02:37+00:00","breadcrumb":{"@id":"https:\/\/flovel.net\/de\/indus\/#breadcrumb"},"inLanguage":"de","potentialAction":[{"@type":"ReadAction","target":["https:\/\/flovel.net\/de\/indus\/"]}]},{"@type":"BreadcrumbList","@id":"https:\/\/flovel.net\/de\/indus\/#breadcrumb","itemListElement":[{"@type":"ListItem","position":1,"name":"Home","item":"https:\/\/flovel.net\/de\/"},{"@type":"ListItem","position":2,"name":"iNDUS"}]},{"@type":"WebSite","@id":"https:\/\/flovel.net\/de\/#website","url":"https:\/\/flovel.net\/de\/","name":"FLOVEL Energy","description":"Advantage on your side","potentialAction":[{"@type":"SearchAction","target":{"@type":"EntryPoint","urlTemplate":"https:\/\/flovel.net\/de\/?s={search_term_string}"},"query-input":{"@type":"PropertyValueSpecification","valueRequired":true,"valueName":"search_term_string"}}],"inLanguage":"de"}]}},"_links":{"self":[{"href":"https:\/\/flovel.net\/de\/wp-json\/wp\/v2\/pages\/5130","targetHints":{"allow":["GET"]}}],"collection":[{"href":"https:\/\/flovel.net\/de\/wp-json\/wp\/v2\/pages"}],"about":[{"href":"https:\/\/flovel.net\/de\/wp-json\/wp\/v2\/types\/page"}],"author":[{"embeddable":true,"href":"https:\/\/flovel.net\/de\/wp-json\/wp\/v2\/users\/3"}],"replies":[{"embeddable":true,"href":"https:\/\/flovel.net\/de\/wp-json\/wp\/v2\/comments?post=5130"}],"version-history":[{"count":1,"href":"https:\/\/flovel.net\/de\/wp-json\/wp\/v2\/pages\/5130\/revisions"}],"predecessor-version":[{"id":5132,"href":"https:\/\/flovel.net\/de\/wp-json\/wp\/v2\/pages\/5130\/revisions\/5132"}],"wp:attachment":[{"href":"https:\/\/flovel.net\/de\/wp-json\/wp\/v2\/media?parent=5130"}],"curies":[{"name":"wp","href":"https:\/\/api.w.org\/{rel}","templated":true}]}}