{"id":5177,"date":"2025-03-12T21:49:08","date_gmt":"2025-03-12T21:49:08","guid":{"rendered":"http:\/\/flovel.net.localhost\/history-milestone\/"},"modified":"2025-08-11T09:15:22","modified_gmt":"2025-08-11T09:15:22","slug":"historia-logros","status":"publish","type":"page","link":"https:\/\/flovel.net\/es\/historia-logros\/","title":{"rendered":"Historia y Logros"},"content":{"rendered":"<div id=\"ep-page-header-block_32d21bc0a78f5f8df6c685f6def26fe8\" class=\"ep-page-header ep-block \">\n                        <div class=\"show-frontend\">\n                <div class=\"slides size-sub\">\n                                            <div class=\"slide slide-start\">\n\n\n                            \n                                                                                                \n                                                                                                                                                                                \n\n                                                                                                                                <picture>\n                                    <source srcset=\"https:\/\/flovel.net\/wp-content\/uploads\/2025\/08\/subpageheader1920x640-history06-es-1-1920x640-c-center.jpg 1x\" media=\"(min-width: 1024px)\"\/>\n                                    <source srcset=\"https:\/\/flovel.net\/wp-content\/uploads\/2025\/08\/subpageheader1920x640-history06-es-1-1024x500-c-center.jpg 1x\" media=\"(min-width: 768px)\"\/>\n                                    <source srcset=\"https:\/\/flovel.net\/wp-content\/uploads\/2025\/08\/subpageheader1920x640-history06-es-1-768x500-c-center.jpg 1x\" media=\"(max-width: 767px)\"\/>\n                                    <img decoding=\"async\" src=\"https:\/\/flovel.net\/wp-content\/uploads\/2025\/08\/subpageheader1920x640-history06-es-1-768x500-c-center.jpg\" alt=\"\" title=\"SubPageHeader1920x640_History06_es\"\/>\n                                <\/picture>\n\n                            \n                            <div class=\"inner title-position-bottom\">\n                                <div class=\"text\">\n                                                                    <\/div>\n                            <\/div>\n                        <\/div>\n                                            <div class=\"slide slide-start\">\n\n\n                            \n                                                                                                \n                                                                                                                                                                                \n\n                                                                                                                                <picture>\n                                    <source srcset=\"https:\/\/flovel.net\/wp-content\/uploads\/2025\/03\/subpageheader1920x640-history05-1920x640-c-center.jpg 1x\" media=\"(min-width: 1024px)\"\/>\n                                    <source srcset=\"https:\/\/flovel.net\/wp-content\/uploads\/2025\/03\/subpageheader1920x640-history05-1024x500-c-center.jpg 1x\" media=\"(min-width: 768px)\"\/>\n                                    <source srcset=\"https:\/\/flovel.net\/wp-content\/uploads\/2025\/03\/subpageheader1920x640-history05-768x500-c-center.jpg 1x\" media=\"(max-width: 767px)\"\/>\n                                    <img decoding=\"async\" src=\"https:\/\/flovel.net\/wp-content\/uploads\/2025\/03\/subpageheader1920x640-history05-768x500-c-center.jpg\" alt=\"\" title=\"SubPageHeader1920x640_History05\"\/>\n                                <\/picture>\n\n                            \n                            <div class=\"inner title-position-bottom\">\n                                <div class=\"text\">\n                                                                    <\/div>\n                            <\/div>\n                        <\/div>\n                                            <div class=\"slide slide-start\">\n\n\n                            \n                                                                                                \n                                                                                                                                                                                \n\n                                                                                                                                <picture>\n                                    <source srcset=\"https:\/\/flovel.net\/wp-content\/uploads\/2025\/03\/subpageheader1920x640-history02-1-1920x640-c-center.jpg 1x\" media=\"(min-width: 1024px)\"\/>\n                                    <source srcset=\"https:\/\/flovel.net\/wp-content\/uploads\/2025\/03\/subpageheader1920x640-history02-1-1024x500-c-center.jpg 1x\" media=\"(min-width: 768px)\"\/>\n                                    <source srcset=\"https:\/\/flovel.net\/wp-content\/uploads\/2025\/03\/subpageheader1920x640-history02-1-768x500-c-center.jpg 1x\" media=\"(max-width: 767px)\"\/>\n                                    <img decoding=\"async\" src=\"https:\/\/flovel.net\/wp-content\/uploads\/2025\/03\/subpageheader1920x640-history02-1-768x500-c-center.jpg\" alt=\"\" title=\"SubPageHeader1920x640_History02\"\/>\n                                <\/picture>\n\n                            \n                            <div class=\"inner title-position-bottom\">\n                                <div class=\"text\">\n                                                                    <\/div>\n                            <\/div>\n                        <\/div>\n                                            <div class=\"slide slide-start\">\n\n\n                            \n                                                                                                \n                                                                                                                                                                                \n\n                                                                                                                                <picture>\n                                    <source srcset=\"https:\/\/flovel.net\/wp-content\/uploads\/2025\/03\/subpageheader1920x640-history01-1-1920x640-c-center.jpg 1x\" media=\"(min-width: 1024px)\"\/>\n                                    <source srcset=\"https:\/\/flovel.net\/wp-content\/uploads\/2025\/03\/subpageheader1920x640-history01-1-1024x500-c-center.jpg 1x\" media=\"(min-width: 768px)\"\/>\n                                    <source srcset=\"https:\/\/flovel.net\/wp-content\/uploads\/2025\/03\/subpageheader1920x640-history01-1-768x500-c-center.jpg 1x\" media=\"(max-width: 767px)\"\/>\n                                    <img decoding=\"async\" src=\"https:\/\/flovel.net\/wp-content\/uploads\/2025\/03\/subpageheader1920x640-history01-1-768x500-c-center.jpg\" alt=\"\" title=\"SubPageHeader1920x640_History01\"\/>\n                                <\/picture>\n\n                            \n                            <div class=\"inner title-position-bottom\">\n                                <div class=\"text\">\n                                                                    <\/div>\n                            <\/div>\n                        <\/div>\n                                    <\/div>\n            <\/div>\n            <\/div>\n\n\n<div id=\"ep-block-spacer-block_b829b58fb967faad127cf8fc2971b0e7\" class=\"ep-block-spacer ep-block \">\n            <section  class=\"show-frontend  \">\n                        <style>\n                #ep-spacer-SpUxz {\n                    height: 80px;\n                }\n\n                @media (max-width: 767px) {\n                    #ep-spacer-SpUxz {\n                        height: 40px;\n                    }\n                }\n\n                @media (min-width: 768px) and (max-width: 1023px) {\n                    #ep-spacer-SpUxz {\n                        height: 60px;\n                    }\n                }\n            <\/style>\n            <div id=\"ep-spacer-SpUxz\"><\/div>\n        <\/section>\n    <\/div>\n\n<div id=\"ep-title-text-block_ef68365a3d1bdc04f8a47352f4fe6755\" class=\"ep-title-text ep-block \">\n            <div class=\"show-frontend\">\n            <div class=\"inner alignment-center\">\n                                    <h2 class=\"title \">Tres generaciones<br \/>\r\nde experiencia en energ\u00eda hidroel\u00e9ctrica<\/h2>\n                                                    <div class=\"text\">\n                        <p>Fundada en 1971, FLOVEL ha sido sin\u00f3nimo del sector hidroel\u00e9ctrico durante m\u00e1s de cuatro d\u00e9cadas. Dirigida por la tercera generaci\u00f3n de la familia promotora, la empresa mantiene un compromiso a largo plazo con la energ\u00eda hidroel\u00e9ctrica. FLOVEL fabrica turbinas y v\u00e1lvulas hidr\u00e1ulicas, adem\u00e1s de proporcionar una l\u00ednea completa de equipos y servicios electromec\u00e1nicos para centrales hidroel\u00e9ctricas peque\u00f1as y medianas, incluyendo la renovaci\u00f3n, modernizaci\u00f3n, actualizaci\u00f3n y servicios posventa para centrales existentes. A lo largo de sus m\u00e1s de 53 a\u00f1os de existencia, la empresa ha evolucionado constantemente y se encuentra entre las l\u00edderes mundiales.<\/p>\n\n                    <\/div>\n                            <\/div>\n        <\/div>\n    <\/div>\n\n\n<div id=\"ep-block-spacer-block_1b3c98838cab7d68a88c903d38e77fdd\" class=\"ep-block-spacer ep-block \">\n            <section  class=\"show-frontend  \">\n                        <style>\n                #ep-spacer-M0MwZ {\n                    height: 40px;\n                }\n\n                @media (max-width: 767px) {\n                    #ep-spacer-M0MwZ {\n                        height: 40px;\n                    }\n                }\n\n                @media (min-width: 768px) and (max-width: 1023px) {\n                    #ep-spacer-M0MwZ {\n                        height: 60px;\n                    }\n                }\n            <\/style>\n            <div id=\"ep-spacer-M0MwZ\"><\/div>\n        <\/section>\n    <\/div>\n\n\n<div class=\"wp-block-group\"><div class=\"wp-block-group__inner-container is-layout-constrained wp-block-group-is-layout-constrained\">\n<div class=\"wp-block-columns is-layout-flex wp-container-core-columns-is-layout-9d6595d7 wp-block-columns-is-layout-flex\">\n<div class=\"wp-block-column is-layout-flow wp-block-column-is-layout-flow\"><div id=\"ep-image-block_13d8dfa91e77781806565b87569f9d23\" class=\"ep-image ep-block \">\n                        <div class=\"show-frontend\">\n                <div class=\"inner\">\n                                                            \n                                                                                <picture>\n                        <source srcset=\"https:\/\/flovel.net\/wp-content\/uploads\/2025\/03\/imagevideo1280x717-history01-1280x0-c-center.jpg 1x\" media=\"(min-width: 1024px)\"\/>\n                        <source srcset=\"https:\/\/flovel.net\/wp-content\/uploads\/2025\/03\/imagevideo1280x717-history01-1024x0-c-center.jpg 1x\" media=\"(min-width: 768px)\"\/>\n                        <source srcset=\"https:\/\/flovel.net\/wp-content\/uploads\/2025\/03\/imagevideo1280x717-history01-768x0-c-center.jpg 1x\" media=\"(max-width: 767px)\"\/>\n                        <img decoding=\"async\" src=\"https:\/\/flovel.net\/wp-content\/uploads\/2025\/03\/imagevideo1280x717-history01-768x0-c-center.jpg\" alt=\"\" title=\"ImageVideo1280x717_History01\"\/>\n                    <\/picture>\n                <\/div>\n            <\/div>\n            <\/div>\n\n\n<div class=\"wp-block-columns is-layout-flex wp-container-core-columns-is-layout-9d6595d7 wp-block-columns-is-layout-flex\">\n<div class=\"wp-block-column is-layout-flow wp-block-column-is-layout-flow\"><div id=\"ep-wysiwyg-block_d925d3b04dc655e35d0bbe04b098624b\" class=\"ep-wysiwyg ep-block \">\n                        <section class=\"show-frontend\">\n                <div class=\"inner\">\n                    <p><strong><br \/>\nLate Dr. R.N. Kar<\/strong><br \/>\n(1928 \u2013 1999)<\/p>\n\n                <\/div>\n            <\/section>\n            <\/div>\n<\/div>\n<\/div>\n<\/div>\n\n\n\n<div class=\"wp-block-column is-layout-flow wp-block-column-is-layout-flow\"><div id=\"ep-image-block_780849daed1769e588ab1b383584164f\" class=\"ep-image ep-block \">\n                        <div class=\"show-frontend\">\n                <div class=\"inner\">\n                                                            \n                                                                                <picture>\n                        <source srcset=\"https:\/\/flovel.net\/wp-content\/uploads\/2025\/03\/imagevideo1280x717-history03-1280x0-c-center.jpg 1x\" media=\"(min-width: 1024px)\"\/>\n                        <source srcset=\"https:\/\/flovel.net\/wp-content\/uploads\/2025\/03\/imagevideo1280x717-history03-1024x0-c-center.jpg 1x\" media=\"(min-width: 768px)\"\/>\n                        <source srcset=\"https:\/\/flovel.net\/wp-content\/uploads\/2025\/03\/imagevideo1280x717-history03-768x0-c-center.jpg 1x\" media=\"(max-width: 767px)\"\/>\n                        <img decoding=\"async\" src=\"https:\/\/flovel.net\/wp-content\/uploads\/2025\/03\/imagevideo1280x717-history03-768x0-c-center.jpg\" alt=\"\" title=\"ImageVideo1280x717_History03\"\/>\n                    <\/picture>\n                <\/div>\n            <\/div>\n            <\/div>\n\n<div id=\"ep-wysiwyg-block_6ff89d63a1f1e089a193ee7cec3da0c7\" class=\"ep-wysiwyg ep-block \">\n                        <section class=\"show-frontend\">\n                <div class=\"inner\">\n                    <p><strong><br \/>\nMaharaj Kar<\/strong><br \/>\nPresidente<\/p>\n\n                <\/div>\n            <\/section>\n            <\/div>\n\n\n\n<div class=\"wp-block-columns is-layout-flex wp-container-core-columns-is-layout-9d6595d7 wp-block-columns-is-layout-flex\">\n<div class=\"wp-block-column is-layout-flow wp-block-column-is-layout-flow\"><\/div>\n<\/div>\n<\/div>\n\n\n\n<div class=\"wp-block-column is-layout-flow wp-block-column-is-layout-flow\"><div id=\"ep-image-block_e7895a42f5092f156f18a36a2bdaba3d\" class=\"ep-image ep-block \">\n                        <div class=\"show-frontend\">\n                <div class=\"inner\">\n                                                            \n                                                                                <picture>\n                        <source srcset=\"https:\/\/flovel.net\/wp-content\/uploads\/2025\/03\/imagevideo1280x717-history02-1280x0-c-center.jpg 1x\" media=\"(min-width: 1024px)\"\/>\n                        <source srcset=\"https:\/\/flovel.net\/wp-content\/uploads\/2025\/03\/imagevideo1280x717-history02-1024x0-c-center.jpg 1x\" media=\"(min-width: 768px)\"\/>\n                        <source srcset=\"https:\/\/flovel.net\/wp-content\/uploads\/2025\/03\/imagevideo1280x717-history02-768x0-c-center.jpg 1x\" media=\"(max-width: 767px)\"\/>\n                        <img decoding=\"async\" src=\"https:\/\/flovel.net\/wp-content\/uploads\/2025\/03\/imagevideo1280x717-history02-768x0-c-center.jpg\" alt=\"\" title=\"ImageVideo1280x717_History02\"\/>\n                    <\/picture>\n                <\/div>\n            <\/div>\n            <\/div>\n\n\n<div class=\"wp-block-columns is-layout-flex wp-container-core-columns-is-layout-9d6595d7 wp-block-columns-is-layout-flex\">\n<div class=\"wp-block-column is-layout-flow wp-block-column-is-layout-flow\"><div id=\"ep-wysiwyg-block_02c3ec9734e78e3b636b8151ec333313\" class=\"ep-wysiwyg ep-block \">\n                        <section class=\"show-frontend\">\n                <div class=\"inner\">\n                    <p><strong><br \/>\nGautam Kar<\/strong><br \/>\nDirector general<\/p>\n\n                <\/div>\n            <\/section>\n            <\/div>\n<\/div>\n<\/div>\n<\/div>\n<\/div>\n<\/div><\/div>\n\n\n<div id=\"ep-block-spacer-block_8f5bdd8f95fbfd9e97f4156198dbe52e\" class=\"ep-block-spacer ep-block \">\n            <section  class=\"show-frontend  \">\n                        <style>\n                #ep-spacer-H6pGG {\n                    height: 100px;\n                }\n\n                @media (max-width: 767px) {\n                    #ep-spacer-H6pGG {\n                        height: 50px;\n                    }\n                }\n\n                @media (min-width: 768px) and (max-width: 1023px) {\n                    #ep-spacer-H6pGG {\n                        height: 80px;\n                    }\n                }\n            <\/style>\n            <div id=\"ep-spacer-H6pGG\"><\/div>\n        <\/section>\n    <\/div>\n\n<div id=\"ep-title-text-block_7ba58f0e91050ca1720cf435eb6c109c\" class=\"ep-title-text ep-block \">\n            <div class=\"show-frontend\">\n            <div class=\"inner alignment-center\">\n                                    <h2 class=\"title \">Relaciones a nivel mundial<\/h2>\n                                                    <div class=\"text\">\n                        <p>Nuestro principio es estar cerca del cliente siempre y en todo lugar.<\/p>\n\n                    <\/div>\n                            <\/div>\n        <\/div>\n    <\/div>\n\n\n<div id=\"ep-block-spacer-block_fea132544d9b6549597916b19618b589\" class=\"ep-block-spacer ep-block \">\n            <section  class=\"show-frontend  \">\n                        <style>\n                #ep-spacer-iwM5S {\n                    height: 30px;\n                }\n\n                @media (max-width: 767px) {\n                    #ep-spacer-iwM5S {\n                        height: 20px;\n                    }\n                }\n\n                @media (min-width: 768px) and (max-width: 1023px) {\n                    #ep-spacer-iwM5S {\n                        height: 20px;\n                    }\n                }\n            <\/style>\n            <div id=\"ep-spacer-iwM5S\"><\/div>\n        <\/section>\n    <\/div>\n\n<div id=\"ep-disturber-block_74e113e892e5935857e80626545a5d96\" class=\"ep-disturber ep-block \">\n            <div class=\"show-frontend\">\n            <div class=\"inner\">\n                                                                            \n                                                                                <picture>\n                        <source srcset=\"https:\/\/flovel.net\/wp-content\/uploads\/2025\/03\/disturber1290x620-history04-1290x620-c-center.jpg 1x\" media=\"(min-width: 1024px)\"\/>\n                        <source srcset=\"https:\/\/flovel.net\/wp-content\/uploads\/2025\/03\/disturber1290x620-history04-1024x0-c-center.jpg 1x\" media=\"(min-width: 768px)\"\/>\n                        <source srcset=\"https:\/\/flovel.net\/wp-content\/uploads\/2025\/03\/disturber1290x620-history04-768x0-c-center.jpg 1x\" media=\"(max-width: 767px)\"\/>\n                        <img decoding=\"async\" src=\"https:\/\/flovel.net\/wp-content\/uploads\/2025\/03\/disturber1290x620-history04-768x0-c-center.jpg\" alt=\"\" title=\"Disturber1290x620_History04\"\/>\n                    <\/picture>\n                                            <\/div>\n        <\/div>\n    <\/div>","protected":false},"excerpt":{"rendered":"","protected":false},"author":3,"featured_media":0,"parent":0,"menu_order":0,"comment_status":"closed","ping_status":"closed","template":"","meta":{"_acf_changed":false,"footnotes":""},"class_list":["post-5177","page","type-page","status-publish","hentry"],"acf":[],"yoast_head":"<!-- This site is optimized with the Yoast SEO plugin v26.4 - https:\/\/yoast.com\/wordpress\/plugins\/seo\/ -->\n<title>Historia y Logros - FLOVEL Energy<\/title>\n<meta name=\"robots\" content=\"index, follow, max-snippet:-1, max-image-preview:large, max-video-preview:-1\" \/>\n<link rel=\"canonical\" href=\"https:\/\/flovel.net\/es\/historia-logros\/\" \/>\n<meta property=\"og:locale\" content=\"es_ES\" \/>\n<meta property=\"og:type\" content=\"article\" \/>\n<meta property=\"og:title\" content=\"Historia y Logros - FLOVEL Energy\" \/>\n<meta property=\"og:url\" content=\"https:\/\/flovel.net\/es\/historia-logros\/\" \/>\n<meta property=\"og:site_name\" content=\"FLOVEL Energy\" \/>\n<meta property=\"article:modified_time\" content=\"2025-08-11T09:15:22+00:00\" \/>\n<meta name=\"twitter:card\" content=\"summary_large_image\" \/>\n<script type=\"application\/ld+json\" class=\"yoast-schema-graph\">{\"@context\":\"https:\/\/schema.org\",\"@graph\":[{\"@type\":\"WebPage\",\"@id\":\"https:\/\/flovel.net\/es\/historia-logros\/\",\"url\":\"https:\/\/flovel.net\/es\/historia-logros\/\",\"name\":\"Historia y Logros - FLOVEL Energy\",\"isPartOf\":{\"@id\":\"https:\/\/flovel.net\/es\/#website\"},\"datePublished\":\"2025-03-12T21:49:08+00:00\",\"dateModified\":\"2025-08-11T09:15:22+00:00\",\"breadcrumb\":{\"@id\":\"https:\/\/flovel.net\/es\/historia-logros\/#breadcrumb\"},\"inLanguage\":\"es\",\"potentialAction\":[{\"@type\":\"ReadAction\",\"target\":[\"https:\/\/flovel.net\/es\/historia-logros\/\"]}]},{\"@type\":\"BreadcrumbList\",\"@id\":\"https:\/\/flovel.net\/es\/historia-logros\/#breadcrumb\",\"itemListElement\":[{\"@type\":\"ListItem\",\"position\":1,\"name\":\"Home\",\"item\":\"https:\/\/flovel.net\/es\/\"},{\"@type\":\"ListItem\",\"position\":2,\"name\":\"Historia y Logros\"}]},{\"@type\":\"WebSite\",\"@id\":\"https:\/\/flovel.net\/es\/#website\",\"url\":\"https:\/\/flovel.net\/es\/\",\"name\":\"FLOVEL Energy\",\"description\":\"Advantage on your side\",\"potentialAction\":[{\"@type\":\"SearchAction\",\"target\":{\"@type\":\"EntryPoint\",\"urlTemplate\":\"https:\/\/flovel.net\/es\/?s={search_term_string}\"},\"query-input\":{\"@type\":\"PropertyValueSpecification\",\"valueRequired\":true,\"valueName\":\"search_term_string\"}}],\"inLanguage\":\"es\"}]}<\/script>\n<!-- \/ Yoast SEO plugin. -->","yoast_head_json":{"title":"Historia y Logros - FLOVEL Energy","robots":{"index":"index","follow":"follow","max-snippet":"max-snippet:-1","max-image-preview":"max-image-preview:large","max-video-preview":"max-video-preview:-1"},"canonical":"https:\/\/flovel.net\/es\/historia-logros\/","og_locale":"es_ES","og_type":"article","og_title":"Historia y Logros - FLOVEL Energy","og_url":"https:\/\/flovel.net\/es\/historia-logros\/","og_site_name":"FLOVEL Energy","article_modified_time":"2025-08-11T09:15:22+00:00","twitter_card":"summary_large_image","schema":{"@context":"https:\/\/schema.org","@graph":[{"@type":"WebPage","@id":"https:\/\/flovel.net\/es\/historia-logros\/","url":"https:\/\/flovel.net\/es\/historia-logros\/","name":"Historia y Logros - FLOVEL Energy","isPartOf":{"@id":"https:\/\/flovel.net\/es\/#website"},"datePublished":"2025-03-12T21:49:08+00:00","dateModified":"2025-08-11T09:15:22+00:00","breadcrumb":{"@id":"https:\/\/flovel.net\/es\/historia-logros\/#breadcrumb"},"inLanguage":"es","potentialAction":[{"@type":"ReadAction","target":["https:\/\/flovel.net\/es\/historia-logros\/"]}]},{"@type":"BreadcrumbList","@id":"https:\/\/flovel.net\/es\/historia-logros\/#breadcrumb","itemListElement":[{"@type":"ListItem","position":1,"name":"Home","item":"https:\/\/flovel.net\/es\/"},{"@type":"ListItem","position":2,"name":"Historia y Logros"}]},{"@type":"WebSite","@id":"https:\/\/flovel.net\/es\/#website","url":"https:\/\/flovel.net\/es\/","name":"FLOVEL Energy","description":"Advantage on your side","potentialAction":[{"@type":"SearchAction","target":{"@type":"EntryPoint","urlTemplate":"https:\/\/flovel.net\/es\/?s={search_term_string}"},"query-input":{"@type":"PropertyValueSpecification","valueRequired":true,"valueName":"search_term_string"}}],"inLanguage":"es"}]}},"_links":{"self":[{"href":"https:\/\/flovel.net\/es\/wp-json\/wp\/v2\/pages\/5177","targetHints":{"allow":["GET"]}}],"collection":[{"href":"https:\/\/flovel.net\/es\/wp-json\/wp\/v2\/pages"}],"about":[{"href":"https:\/\/flovel.net\/es\/wp-json\/wp\/v2\/types\/page"}],"author":[{"embeddable":true,"href":"https:\/\/flovel.net\/es\/wp-json\/wp\/v2\/users\/3"}],"replies":[{"embeddable":true,"href":"https:\/\/flovel.net\/es\/wp-json\/wp\/v2\/comments?post=5177"}],"version-history":[{"count":4,"href":"https:\/\/flovel.net\/es\/wp-json\/wp\/v2\/pages\/5177\/revisions"}],"predecessor-version":[{"id":6180,"href":"https:\/\/flovel.net\/es\/wp-json\/wp\/v2\/pages\/5177\/revisions\/6180"}],"wp:attachment":[{"href":"https:\/\/flovel.net\/es\/wp-json\/wp\/v2\/media?parent=5177"}],"curies":[{"name":"wp","href":"https:\/\/api.w.org\/{rel}","templated":true}]}}