{"id":5210,"date":"2025-04-08T13:16:53","date_gmt":"2025-04-08T13:16:53","guid":{"rendered":"http:\/\/flovel.net.localhost\/research-development\/"},"modified":"2025-08-11T09:16:18","modified_gmt":"2025-08-11T09:16:18","slug":"investigacion-desarrollo","status":"publish","type":"page","link":"https:\/\/flovel.net\/es\/investigacion-desarrollo\/","title":{"rendered":"Investigaci\u00f3n y Desarrollo"},"content":{"rendered":"<div id=\"ep-block-spacer-block_e045aaad3e8734216d40c74f6bcac50e\" class=\"ep-block-spacer ep-block \">\n            <section  class=\"show-frontend  \">\n                        <style>\n                #ep-spacer-LPmpN {\n                    height: 30px;\n                }\n\n                @media (max-width: 767px) {\n                    #ep-spacer-LPmpN {\n                        height: 20px;\n                    }\n                }\n\n                @media (min-width: 768px) and (max-width: 1023px) {\n                    #ep-spacer-LPmpN {\n                        height: 20px;\n                    }\n                }\n            <\/style>\n            <div id=\"ep-spacer-LPmpN\"><\/div>\n        <\/section>\n    <\/div>\n\n<div id=\"ep-title-text-block_32c68a4f861fc8fca2647551805beccb\" class=\"ep-title-text ep-block \">\n            <div class=\"show-frontend\">\n            <div class=\"inner alignment-center\">\n                                    <h2 class=\"title \">Investigaci\u00f3n y Desarrollo:<br \/>\r\nNuestro ADN<\/h2>\n                                            <\/div>\n        <\/div>\n    <\/div>\n\n\n<div id=\"ep-block-spacer-block_e045aaad3e8734216d40c74f6bcac50e\" class=\"ep-block-spacer ep-block \">\n            <section  class=\"show-frontend  \">\n                        <style>\n                #ep-spacer-WAT29 {\n                    height: 30px;\n                }\n\n                @media (max-width: 767px) {\n                    #ep-spacer-WAT29 {\n                        height: 20px;\n                    }\n                }\n\n                @media (min-width: 768px) and (max-width: 1023px) {\n                    #ep-spacer-WAT29 {\n                        height: 20px;\n                    }\n                }\n            <\/style>\n            <div id=\"ep-spacer-WAT29\"><\/div>\n        <\/section>\n    <\/div>\n\n<div id=\"ep-wysiwyg-block_b6449523eecd2d801dc187a3f68a6eca\" class=\"ep-wysiwyg ep-block \">\n                        <section class=\"show-frontend\">\n                <div class=\"inner\">\n                    <p style=\"text-align: left;\">La \u00abinnovaci\u00f3n\u00bb es la clave del \u00e9xito en nuestra empresa. Priorizamos invertir tiempo y dinero en investigaci\u00f3n, desarrollo e innovaci\u00f3n. La combinaci\u00f3n de tecnolog\u00eda de vanguardia y calidad es la base de nuestro liderazgo. Es nuestra responsabilidad ofrecer soluciones teniendo en mente el mejor inter\u00e9s de los Clientes.<\/p>\n\n                <\/div>\n            <\/section>\n            <\/div>\n\n\n<div id=\"ep-block-spacer-block_e045aaad3e8734216d40c74f6bcac50e\" class=\"ep-block-spacer ep-block \">\n            <section  class=\"show-frontend  \">\n                        <style>\n                #ep-spacer-kA7dF {\n                    height: 30px;\n                }\n\n                @media (max-width: 767px) {\n                    #ep-spacer-kA7dF {\n                        height: 20px;\n                    }\n                }\n\n                @media (min-width: 768px) and (max-width: 1023px) {\n                    #ep-spacer-kA7dF {\n                        height: 20px;\n                    }\n                }\n            <\/style>\n            <div id=\"ep-spacer-kA7dF\"><\/div>\n        <\/section>\n    <\/div>\n\n\n\n<div id=\"ep-facts-list-block_8d47c4bdd66d35a26b974d823521c436\" class=\"ep-facts-list ep-block \">\n                        <div class=\"show-frontend\">\n                <div class=\"inner\">\n                    <div class=\"items\">\n                                                                                                                                                                    <div class=\"item\">\n                                <div class=\"image video-image-wrapper\">\n                                                                                        \n                <picture>\n        <source srcset=\"https:\/\/flovel.net\/wp-content\/uploads\/2025\/04\/gallery1280x853-researchanddevelopment01-500x280-c-center.jpg 1x\" media=\"(min-width: 1024px)\"\/>\n        <source srcset=\"https:\/\/flovel.net\/wp-content\/uploads\/2025\/04\/gallery1280x853-researchanddevelopment01-1024x574-c-center.jpg 1x\" media=\"(min-width: 768px)\"\/>\n        <source srcset=\"https:\/\/flovel.net\/wp-content\/uploads\/2025\/04\/gallery1280x853-researchanddevelopment01-768x431-c-center.jpg 1x\" media=\"(max-width: 767px)\"\/>\n        <img decoding=\"async\" src=\"https:\/\/flovel.net\/wp-content\/uploads\/2025\/04\/gallery1280x853-researchanddevelopment01-768x431-c-center.jpg\" alt=\"\" title=\"Gallery1280x853_ResearchAndDevelopment01\"\/>\n    <\/picture>\n            <a href=\"#video-modal-FixI3\" data-video=\"https:\/\/flovel.net\/wp-content\/uploads\/2025\/06\/video-chinnar-model-test-kleiner.mp4\" class=\"link video open-modal\">\n            <span class=\"btn\"><?xml version=\"1.0\" encoding=\"UTF-8\" standalone=\"no\"?>\n<!DOCTYPE svg PUBLIC \"-\/\/W3C\/\/DTD SVG 1.1\/\/EN\" \"http:\/\/www.w3.org\/Graphics\/SVG\/1.1\/DTD\/svg11.dtd\">\n<svg width=\"100%\" height=\"100%\" viewBox=\"0 0 34 39\" version=\"1.1\" xmlns=\"http:\/\/www.w3.org\/2000\/svg\" xmlns:xlink=\"http:\/\/www.w3.org\/1999\/xlink\" xml:space=\"preserve\" xmlns:serif=\"http:\/\/www.serif.com\/\" style=\"fill-rule:evenodd;clip-rule:evenodd;stroke-linejoin:round;stroke-miterlimit:2;\">\n    <g transform=\"matrix(0.955392,0,0,0.955392,-23.751,-18.7308)\">\n        <path d=\"M59.96,39.16C60.61,39.54 60.61,40.47 59.96,40.85L26.32,60.27C25.67,60.65 24.86,60.18 24.86,59.43L24.86,20.58C24.86,19.83 25.67,19.36 26.32,19.74L59.96,39.16Z\" style=\"fill:white;fill-rule:nonzero;\"\/>\n    <\/g>\n<\/svg>\n<\/span>\n        <\/a>\n    \n                                                                    <\/div>\n                                                                    <h5>Model test<\/h5>\n                                \n                                                                    <div class=\"facts\">\n                                        <div class=\"facts-title\"><span>Facts<\/span><span><\/span><\/div>\n                                        <div class=\"facts-content\"><p>Should the customer require a model test to be performed, FLOVEL is equipped to have a model test conducted at an accredited \/ independent model testing laboratory.<\/p>\n<\/div>\n                                    <\/div>\n                                                            <\/div>\n                                                                                                                                                                    <div class=\"item\">\n                                <div class=\"image video-image-wrapper\">\n                                                                                        \n                <picture>\n        <source srcset=\"https:\/\/flovel.net\/wp-content\/uploads\/2025\/04\/gallery1280x853-researchanddevelopment02-500x280-c-center.jpg 1x\" media=\"(min-width: 1024px)\"\/>\n        <source srcset=\"https:\/\/flovel.net\/wp-content\/uploads\/2025\/04\/gallery1280x853-researchanddevelopment02-1024x574-c-center.jpg 1x\" media=\"(min-width: 768px)\"\/>\n        <source srcset=\"https:\/\/flovel.net\/wp-content\/uploads\/2025\/04\/gallery1280x853-researchanddevelopment02-768x431-c-center.jpg 1x\" media=\"(max-width: 767px)\"\/>\n        <img decoding=\"async\" src=\"https:\/\/flovel.net\/wp-content\/uploads\/2025\/04\/gallery1280x853-researchanddevelopment02-768x431-c-center.jpg\" alt=\"\" title=\"Gallery1280x853_ResearchAndDevelopment02\"\/>\n    <\/picture>\n            <a href=\"#video-modal-FixI3\" data-video=\"https:\/\/flovel.net\/wp-content\/uploads\/2025\/06\/video-francis-cfd-kleiner.mp4\" class=\"link video open-modal\">\n            <span class=\"btn\"><?xml version=\"1.0\" encoding=\"UTF-8\" standalone=\"no\"?>\n<!DOCTYPE svg PUBLIC \"-\/\/W3C\/\/DTD SVG 1.1\/\/EN\" \"http:\/\/www.w3.org\/Graphics\/SVG\/1.1\/DTD\/svg11.dtd\">\n<svg width=\"100%\" height=\"100%\" viewBox=\"0 0 34 39\" version=\"1.1\" xmlns=\"http:\/\/www.w3.org\/2000\/svg\" xmlns:xlink=\"http:\/\/www.w3.org\/1999\/xlink\" xml:space=\"preserve\" xmlns:serif=\"http:\/\/www.serif.com\/\" style=\"fill-rule:evenodd;clip-rule:evenodd;stroke-linejoin:round;stroke-miterlimit:2;\">\n    <g transform=\"matrix(0.955392,0,0,0.955392,-23.751,-18.7308)\">\n        <path d=\"M59.96,39.16C60.61,39.54 60.61,40.47 59.96,40.85L26.32,60.27C25.67,60.65 24.86,60.18 24.86,59.43L24.86,20.58C24.86,19.83 25.67,19.36 26.32,19.74L59.96,39.16Z\" style=\"fill:white;fill-rule:nonzero;\"\/>\n    <\/g>\n<\/svg>\n<\/span>\n        <\/a>\n    \n                                                                    <\/div>\n                                                                    <h5>CFD<\/h5>\n                                \n                                                                    <div class=\"facts\">\n                                        <div class=\"facts-title\"><span>Facts<\/span><span><\/span><\/div>\n                                        <div class=\"facts-content\"><p>Tools to accurately predict flow characteristic. CFD is used to improve hydraulic design of turbine water passages, including the runner and static components. For renovation projects CFD is a very important tool for improving turbine output, efficiency and cavitation characteristics.<\/p>\n<\/div>\n                                    <\/div>\n                                                            <\/div>\n                                                                                                                                                                    <div class=\"item\">\n                                <div class=\"image video-image-wrapper\">\n                                                                                        \n                <picture>\n        <source srcset=\"https:\/\/flovel.net\/wp-content\/uploads\/2025\/04\/disturber1290x620-researchanddevelopment01-1-500x280-c-center.jpg 1x\" media=\"(min-width: 1024px)\"\/>\n        <source srcset=\"https:\/\/flovel.net\/wp-content\/uploads\/2025\/04\/disturber1290x620-researchanddevelopment01-1-1024x574-c-center.jpg 1x\" media=\"(min-width: 768px)\"\/>\n        <source srcset=\"https:\/\/flovel.net\/wp-content\/uploads\/2025\/04\/disturber1290x620-researchanddevelopment01-1-768x431-c-center.jpg 1x\" media=\"(max-width: 767px)\"\/>\n        <img decoding=\"async\" src=\"https:\/\/flovel.net\/wp-content\/uploads\/2025\/04\/disturber1290x620-researchanddevelopment01-1-768x431-c-center.jpg\" alt=\"\" title=\"Disturber1290x620_ResearchAndDevelopment01\"\/>\n    <\/picture>\n            <a href=\"#video-modal-FixI3\" data-video=\"https:\/\/flovel.net\/wp-content\/uploads\/2025\/06\/video-kaplan-stress-closed-fe-kleiner.mp4\" class=\"link video open-modal\">\n            <span class=\"btn\"><?xml version=\"1.0\" encoding=\"UTF-8\" standalone=\"no\"?>\n<!DOCTYPE svg PUBLIC \"-\/\/W3C\/\/DTD SVG 1.1\/\/EN\" \"http:\/\/www.w3.org\/Graphics\/SVG\/1.1\/DTD\/svg11.dtd\">\n<svg width=\"100%\" height=\"100%\" viewBox=\"0 0 34 39\" version=\"1.1\" xmlns=\"http:\/\/www.w3.org\/2000\/svg\" xmlns:xlink=\"http:\/\/www.w3.org\/1999\/xlink\" xml:space=\"preserve\" xmlns:serif=\"http:\/\/www.serif.com\/\" style=\"fill-rule:evenodd;clip-rule:evenodd;stroke-linejoin:round;stroke-miterlimit:2;\">\n    <g transform=\"matrix(0.955392,0,0,0.955392,-23.751,-18.7308)\">\n        <path d=\"M59.96,39.16C60.61,39.54 60.61,40.47 59.96,40.85L26.32,60.27C25.67,60.65 24.86,60.18 24.86,59.43L24.86,20.58C24.86,19.83 25.67,19.36 26.32,19.74L59.96,39.16Z\" style=\"fill:white;fill-rule:nonzero;\"\/>\n    <\/g>\n<\/svg>\n<\/span>\n        <\/a>\n    \n                                                                    <\/div>\n                                                                    <h5>FEM<\/h5>\n                                \n                                                                    <div class=\"facts\">\n                                        <div class=\"facts-title\"><span>Facts<\/span><span><\/span><\/div>\n                                        <div class=\"facts-content\"><p>Finite element method (FEM) tools for calculating stresses, strains and deflections in components of a hydraulic turbine.<\/p>\n<\/div>\n                                    <\/div>\n                                                            <\/div>\n                                            <\/div>\n                <\/div>\n            <\/div>\n            <\/div>\n    <div class=\"modal \" id=\"video-modal-FixI3\">\n        <div class=\"modal-inner\">\n            <a href=\"#\" class=\"close-modal btn\">\n                <i class=\"fa-light fa-circle-minus\"><\/i>\n            <\/a>\n            <div class=\"body\">\n                            <\/div>\n        <\/div>\n    <\/div>\n\n\n<div id=\"ep-block-spacer-block_d5523a2e01fcd9e12756b6d60c270fa9\" class=\"ep-block-spacer ep-block \">\n            <section  class=\"show-frontend  \">\n                        <style>\n                #ep-spacer-KFPmd {\n                    height: 100px;\n                }\n\n                @media (max-width: 767px) {\n                    #ep-spacer-KFPmd {\n                        height: 50px;\n                    }\n                }\n\n                @media (min-width: 768px) and (max-width: 1023px) {\n                    #ep-spacer-KFPmd {\n                        height: 80px;\n                    }\n                }\n            <\/style>\n            <div id=\"ep-spacer-KFPmd\"><\/div>\n        <\/section>\n    <\/div>\n\n\n<div class=\"wp-block-group\"><div class=\"wp-block-group__inner-container is-layout-constrained wp-block-group-is-layout-constrained\">\n<div class=\"wp-block-columns is-layout-flex wp-container-core-columns-is-layout-9d6595d7 wp-block-columns-is-layout-flex\">\n<div class=\"wp-block-column is-layout-flow wp-block-column-is-layout-flow\"><div id=\"ep-title-text-block_373bfff53493b89318a49cb032e17d23\" class=\"ep-title-text ep-block \">\n            <div class=\"show-frontend\">\n            <div class=\"inner alignment-left\">\n                                    <h3 class=\"title \">Aprendizaje autom\u00e1tico<\/h3>\n                                            <\/div>\n        <\/div>\n    <\/div>\n\n\n<div id=\"ep-wysiwyg-block_70936bcc21ee7faa5b72680c7ddaacc4\" class=\"ep-wysiwyg ep-block \">\n                        <section class=\"show-frontend\">\n                <div class=\"inner\">\n                    <p>El aprendizaje autom\u00e1tico es un componente de la inteligencia artificial (IA). Se centra en ense\u00f1ar a las computadoras a aprender de los datos, las experiencias y el comportamiento de las m\u00e1quinas para mejorar. Los procesos se vuelven m\u00e1s precisos con el uso y a medida que se dispone de m\u00e1s datos. Puede utilizarse para detectar patrones, predecir resultados, tomar decisiones cr\u00edticas y responder con mayor rapidez ante problemas. iNDUS analizar\u00e1 patrones operativos en diversas condiciones, como niveles de agua, temperatura ambiente, carga y acondicionamiento auxiliar. Con base en este an\u00e1lisis, predecir\u00e1 las condiciones operativas y emitir\u00e1 alertas si se detecta alguna anomal\u00eda.<\/p>\n\n                <\/div>\n            <\/section>\n            <\/div>\n<\/div>\n\n\n\n<div class=\"wp-block-column is-layout-flow wp-block-column-is-layout-flow\"><div id=\"ep-image-block_8690b6bfadf1292aa31ce931a35f9516\" class=\"ep-image ep-block \">\n                        <div class=\"show-frontend\">\n                <div class=\"inner\">\n                                                            \n                                                                                <picture>\n                        <source srcset=\"https:\/\/flovel.net\/wp-content\/uploads\/2025\/07\/gallery1280x853-researchanddevelopment03-1280x0-c-center.jpg 1x\" media=\"(min-width: 1024px)\"\/>\n                        <source srcset=\"https:\/\/flovel.net\/wp-content\/uploads\/2025\/07\/gallery1280x853-researchanddevelopment03-1024x0-c-center.jpg 1x\" media=\"(min-width: 768px)\"\/>\n                        <source srcset=\"https:\/\/flovel.net\/wp-content\/uploads\/2025\/07\/gallery1280x853-researchanddevelopment03-768x0-c-center.jpg 1x\" media=\"(max-width: 767px)\"\/>\n                        <img decoding=\"async\" src=\"https:\/\/flovel.net\/wp-content\/uploads\/2025\/07\/gallery1280x853-researchanddevelopment03-768x0-c-center.jpg\" alt=\"\" title=\"Gallery1280x853_ResearchAndDevelopment03\"\/>\n                    <\/picture>\n                <\/div>\n            <\/div>\n            <\/div><\/div>\n<\/div>\n<\/div><\/div>\n\n\n<div id=\"ep-block-spacer-block_d5523a2e01fcd9e12756b6d60c270fa9\" class=\"ep-block-spacer ep-block \">\n            <section  class=\"show-frontend  \">\n                        <style>\n                #ep-spacer-VtUks {\n                    height: 100px;\n                }\n\n                @media (max-width: 767px) {\n                    #ep-spacer-VtUks {\n                        height: 50px;\n                    }\n                }\n\n                @media (min-width: 768px) and (max-width: 1023px) {\n                    #ep-spacer-VtUks {\n                        height: 80px;\n                    }\n                }\n            <\/style>\n            <div id=\"ep-spacer-VtUks\"><\/div>\n        <\/section>\n    <\/div>","protected":false},"excerpt":{"rendered":"","protected":false},"author":3,"featured_media":0,"parent":0,"menu_order":0,"comment_status":"closed","ping_status":"closed","template":"","meta":{"_acf_changed":false,"footnotes":""},"class_list":["post-5210","page","type-page","status-publish","hentry"],"acf":[],"yoast_head":"<!-- This site is optimized with the Yoast SEO plugin v26.4 - https:\/\/yoast.com\/wordpress\/plugins\/seo\/ -->\n<title>Investigaci\u00f3n y Desarrollo - FLOVEL Energy<\/title>\n<meta name=\"robots\" content=\"index, follow, max-snippet:-1, max-image-preview:large, max-video-preview:-1\" \/>\n<link rel=\"canonical\" href=\"https:\/\/flovel.net\/es\/investigacion-desarrollo\/\" \/>\n<meta property=\"og:locale\" content=\"es_ES\" \/>\n<meta property=\"og:type\" content=\"article\" \/>\n<meta property=\"og:title\" content=\"Investigaci\u00f3n y Desarrollo - FLOVEL Energy\" \/>\n<meta property=\"og:url\" content=\"https:\/\/flovel.net\/es\/investigacion-desarrollo\/\" \/>\n<meta property=\"og:site_name\" content=\"FLOVEL Energy\" \/>\n<meta property=\"article:modified_time\" content=\"2025-08-11T09:16:18+00:00\" \/>\n<meta name=\"twitter:card\" content=\"summary_large_image\" \/>\n<script type=\"application\/ld+json\" class=\"yoast-schema-graph\">{\"@context\":\"https:\/\/schema.org\",\"@graph\":[{\"@type\":\"WebPage\",\"@id\":\"https:\/\/flovel.net\/es\/investigacion-desarrollo\/\",\"url\":\"https:\/\/flovel.net\/es\/investigacion-desarrollo\/\",\"name\":\"Investigaci\u00f3n y Desarrollo - FLOVEL Energy\",\"isPartOf\":{\"@id\":\"https:\/\/flovel.net\/es\/#website\"},\"datePublished\":\"2025-04-08T13:16:53+00:00\",\"dateModified\":\"2025-08-11T09:16:18+00:00\",\"breadcrumb\":{\"@id\":\"https:\/\/flovel.net\/es\/investigacion-desarrollo\/#breadcrumb\"},\"inLanguage\":\"es\",\"potentialAction\":[{\"@type\":\"ReadAction\",\"target\":[\"https:\/\/flovel.net\/es\/investigacion-desarrollo\/\"]}]},{\"@type\":\"BreadcrumbList\",\"@id\":\"https:\/\/flovel.net\/es\/investigacion-desarrollo\/#breadcrumb\",\"itemListElement\":[{\"@type\":\"ListItem\",\"position\":1,\"name\":\"Home\",\"item\":\"https:\/\/flovel.net\/es\/\"},{\"@type\":\"ListItem\",\"position\":2,\"name\":\"Investigaci\u00f3n y Desarrollo\"}]},{\"@type\":\"WebSite\",\"@id\":\"https:\/\/flovel.net\/es\/#website\",\"url\":\"https:\/\/flovel.net\/es\/\",\"name\":\"FLOVEL Energy\",\"description\":\"Advantage on your side\",\"potentialAction\":[{\"@type\":\"SearchAction\",\"target\":{\"@type\":\"EntryPoint\",\"urlTemplate\":\"https:\/\/flovel.net\/es\/?s={search_term_string}\"},\"query-input\":{\"@type\":\"PropertyValueSpecification\",\"valueRequired\":true,\"valueName\":\"search_term_string\"}}],\"inLanguage\":\"es\"}]}<\/script>\n<!-- \/ Yoast SEO plugin. -->","yoast_head_json":{"title":"Investigaci\u00f3n y Desarrollo - FLOVEL Energy","robots":{"index":"index","follow":"follow","max-snippet":"max-snippet:-1","max-image-preview":"max-image-preview:large","max-video-preview":"max-video-preview:-1"},"canonical":"https:\/\/flovel.net\/es\/investigacion-desarrollo\/","og_locale":"es_ES","og_type":"article","og_title":"Investigaci\u00f3n y Desarrollo - FLOVEL Energy","og_url":"https:\/\/flovel.net\/es\/investigacion-desarrollo\/","og_site_name":"FLOVEL Energy","article_modified_time":"2025-08-11T09:16:18+00:00","twitter_card":"summary_large_image","schema":{"@context":"https:\/\/schema.org","@graph":[{"@type":"WebPage","@id":"https:\/\/flovel.net\/es\/investigacion-desarrollo\/","url":"https:\/\/flovel.net\/es\/investigacion-desarrollo\/","name":"Investigaci\u00f3n y Desarrollo - FLOVEL Energy","isPartOf":{"@id":"https:\/\/flovel.net\/es\/#website"},"datePublished":"2025-04-08T13:16:53+00:00","dateModified":"2025-08-11T09:16:18+00:00","breadcrumb":{"@id":"https:\/\/flovel.net\/es\/investigacion-desarrollo\/#breadcrumb"},"inLanguage":"es","potentialAction":[{"@type":"ReadAction","target":["https:\/\/flovel.net\/es\/investigacion-desarrollo\/"]}]},{"@type":"BreadcrumbList","@id":"https:\/\/flovel.net\/es\/investigacion-desarrollo\/#breadcrumb","itemListElement":[{"@type":"ListItem","position":1,"name":"Home","item":"https:\/\/flovel.net\/es\/"},{"@type":"ListItem","position":2,"name":"Investigaci\u00f3n y Desarrollo"}]},{"@type":"WebSite","@id":"https:\/\/flovel.net\/es\/#website","url":"https:\/\/flovel.net\/es\/","name":"FLOVEL Energy","description":"Advantage on your side","potentialAction":[{"@type":"SearchAction","target":{"@type":"EntryPoint","urlTemplate":"https:\/\/flovel.net\/es\/?s={search_term_string}"},"query-input":{"@type":"PropertyValueSpecification","valueRequired":true,"valueName":"search_term_string"}}],"inLanguage":"es"}]}},"_links":{"self":[{"href":"https:\/\/flovel.net\/es\/wp-json\/wp\/v2\/pages\/5210","targetHints":{"allow":["GET"]}}],"collection":[{"href":"https:\/\/flovel.net\/es\/wp-json\/wp\/v2\/pages"}],"about":[{"href":"https:\/\/flovel.net\/es\/wp-json\/wp\/v2\/types\/page"}],"author":[{"embeddable":true,"href":"https:\/\/flovel.net\/es\/wp-json\/wp\/v2\/users\/3"}],"replies":[{"embeddable":true,"href":"https:\/\/flovel.net\/es\/wp-json\/wp\/v2\/comments?post=5210"}],"version-history":[{"count":2,"href":"https:\/\/flovel.net\/es\/wp-json\/wp\/v2\/pages\/5210\/revisions"}],"predecessor-version":[{"id":6183,"href":"https:\/\/flovel.net\/es\/wp-json\/wp\/v2\/pages\/5210\/revisions\/6183"}],"wp:attachment":[{"href":"https:\/\/flovel.net\/es\/wp-json\/wp\/v2\/media?parent=5210"}],"curies":[{"name":"wp","href":"https:\/\/api.w.org\/{rel}","templated":true}]}}