{"id":5235,"date":"2025-03-28T12:31:54","date_gmt":"2025-03-28T12:31:54","guid":{"rendered":"http:\/\/flovel.net.localhost\/indus\/"},"modified":"2025-08-04T15:10:00","modified_gmt":"2025-08-04T15:10:00","slug":"indus","status":"publish","type":"page","link":"https:\/\/flovel.net\/es\/indus\/","title":{"rendered":"iNDUS"},"content":{"rendered":"<div id=\"ep-page-header-block_be1a4727cf36881bf523ccedce354afb\" class=\"ep-page-header ep-block \">\n                        <div class=\"show-frontend\">\n                <div class=\"slides size-sub\">\n                                            <div class=\"slide slide-start\">\n\n\n                            \n                                                                                                \n                                                                                                                                                                                \n\n                                                                                                                                <picture>\n                                    <source srcset=\"https:\/\/flovel.net\/wp-content\/uploads\/2025\/03\/subpageheader1920x640-indus01-1920x640-c-center.jpg 1x\" media=\"(min-width: 1024px)\"\/>\n                                    <source srcset=\"https:\/\/flovel.net\/wp-content\/uploads\/2025\/03\/subpageheader1920x640-indus01-1024x500-c-center.jpg 1x\" media=\"(min-width: 768px)\"\/>\n                                    <source srcset=\"https:\/\/flovel.net\/wp-content\/uploads\/2025\/03\/subpageheader1920x640-indus01-768x500-c-center.jpg 1x\" media=\"(max-width: 767px)\"\/>\n                                    <img decoding=\"async\" src=\"https:\/\/flovel.net\/wp-content\/uploads\/2025\/03\/subpageheader1920x640-indus01-768x500-c-center.jpg\" alt=\"\" title=\"SubPageHeader1920x640_Indus01\"\/>\n                                <\/picture>\n\n                            \n                            <div class=\"inner title-position-bottom\">\n                                <div class=\"text\">\n                                                                    <\/div>\n                            <\/div>\n                        <\/div>\n                                    <\/div>\n            <\/div>\n            <\/div>\n\n\n<div id=\"ep-block-spacer-block_b6793d3739c3b3a21bee613e6d6d9cc7\" class=\"ep-block-spacer ep-block \">\n            <section  class=\"show-frontend  \">\n                        <style>\n                #ep-spacer-Uy1i9 {\n                    height: 80px;\n                }\n\n                @media (max-width: 767px) {\n                    #ep-spacer-Uy1i9 {\n                        height: 40px;\n                    }\n                }\n\n                @media (min-width: 768px) and (max-width: 1023px) {\n                    #ep-spacer-Uy1i9 {\n                        height: 60px;\n                    }\n                }\n            <\/style>\n            <div id=\"ep-spacer-Uy1i9\"><\/div>\n        <\/section>\n    <\/div>\n\n<div id=\"ep-title-text-block_cd61303cc9569218a864bc69869a1de5\" class=\"ep-title-text ep-block \">\n            <div class=\"show-frontend\">\n            <div class=\"inner alignment-center\">\n                                                    <div class=\"text\">\n                        <p>Hecho a medida espec\u00edficamente para centrales hidroel\u00e9ctricas, est\u00e1 dise\u00f1ado teniendo en cuenta sus necesidades y es f\u00e1cil de operar y mantener. Ofrece un completo ecosistema de inteligencia digital que optimiza el rendimiento y facilita el control de la planta.<\/p>\n\n                    <\/div>\n                            <\/div>\n        <\/div>\n    <\/div>\n\n\n<div id=\"ep-block-spacer-block_9c5743246ca9b8a5efebfdfd13c14821\" class=\"ep-block-spacer ep-block \">\n            <section  class=\"show-frontend  \">\n                        <style>\n                #ep-spacer-5yx2L {\n                    height: 100px;\n                }\n\n                @media (max-width: 767px) {\n                    #ep-spacer-5yx2L {\n                        height: 50px;\n                    }\n                }\n\n                @media (min-width: 768px) and (max-width: 1023px) {\n                    #ep-spacer-5yx2L {\n                        height: 80px;\n                    }\n                }\n            <\/style>\n            <div id=\"ep-spacer-5yx2L\"><\/div>\n        <\/section>\n    <\/div>\n\n\n<div class=\"wp-block-group\"><div class=\"wp-block-group__inner-container is-layout-constrained wp-block-group-is-layout-constrained\">\n<div class=\"wp-block-columns is-layout-flex wp-container-core-columns-is-layout-9d6595d7 wp-block-columns-is-layout-flex\">\n<div class=\"wp-block-column is-layout-flow wp-block-column-is-layout-flow\"><div id=\"ep-title-text-block_4a6d0c49f9f26209d8ca49151b8b74aa\" class=\"ep-title-text ep-block \">\n            <div class=\"show-frontend\">\n            <div class=\"inner alignment-left\">\n                                    <h4 class=\"title \">Caracter\u00edsticas principales de iNDUS:<\/h4>\n                                            <\/div>\n        <\/div>\n    <\/div>\n\n\n<div id=\"ep-wysiwyg-block_2bee8e78739a9f041c3b6d54b0fda7bf\" class=\"ep-wysiwyg ep-block \">\n                        <section class=\"show-frontend\">\n                <div class=\"inner\">\n                    <ol>\n<li>Regulador digital de turbina<\/li>\n<li>Interfaz de software a nivel de planta para control y monitoreo<\/li>\n<li>Monitoreo remoto en tiempo real (m\u00f3vil\/computadora port\u00e1til\/dispositivo de almacenamiento local)<\/li>\n<li>Gesti\u00f3n de alarmas, notificaciones autom\u00e1ticas, informes por correo electr\u00f3nico<\/li>\n<li>Puerta de enlace para la comunicaci\u00f3n con el centro de despacho de carga<\/li>\n<li>Almacenamiento de datos hist\u00f3ricos y en tiempo real, seguridad de datos integrada<\/li>\n<li>Gesti\u00f3n de informes<\/li>\n<\/ol>\n\n                <\/div>\n            <\/section>\n            <\/div>\n<\/div>\n\n\n\n<div class=\"wp-block-column is-layout-flow wp-block-column-is-layout-flow\"><div id=\"ep-video-block_f75d2e7491a99b792af03fb610ed0970\" class=\"ep-video ep-block \">\n                        <div class=\"show-frontend\">\n                <div class=\"inner\">\n                    <div class=\"video-image-wrapper\">\n                                                                        \n                                                                                                <picture>\n                            <source srcset=\"https:\/\/flovel.net\/wp-content\/uploads\/2025\/03\/fullwidthimageslider1280x720-indus03-1280x717-c-center.jpg 1x\" media=\"(min-width: 1024px)\"\/>\n                            <source srcset=\"https:\/\/flovel.net\/wp-content\/uploads\/2025\/03\/fullwidthimageslider1280x720-indus03-1024x574-c-center.jpg 1x\" media=\"(min-width: 768px)\"\/>\n                            <source srcset=\"https:\/\/flovel.net\/wp-content\/uploads\/2025\/03\/fullwidthimageslider1280x720-indus03-768x430-c-center.jpg 1x\" media=\"(max-width: 767px)\"\/>\n                            <img decoding=\"async\" src=\"https:\/\/flovel.net\/wp-content\/uploads\/2025\/03\/fullwidthimageslider1280x720-indus03-768x430-c-center.jpg\" alt=\"\" title=\"FullWidthImageSlider1280x720_Indus03\"\/>\n                        <\/picture>\n                                                    <a href=\"#video-modal-xWfLi\" data-video=\"https:\/\/flovel.net\/wp-content\/uploads\/2025\/06\/video-indus-flovel-master-small.mp4\" class=\"link video open-modal\">\n                                <span class=\"btn\">\n                                    <?xml version=\"1.0\" encoding=\"UTF-8\" standalone=\"no\"?>\n<!DOCTYPE svg PUBLIC \"-\/\/W3C\/\/DTD SVG 1.1\/\/EN\" \"http:\/\/www.w3.org\/Graphics\/SVG\/1.1\/DTD\/svg11.dtd\">\n<svg width=\"100%\" height=\"100%\" viewBox=\"0 0 34 39\" version=\"1.1\" xmlns=\"http:\/\/www.w3.org\/2000\/svg\" xmlns:xlink=\"http:\/\/www.w3.org\/1999\/xlink\" xml:space=\"preserve\" xmlns:serif=\"http:\/\/www.serif.com\/\" style=\"fill-rule:evenodd;clip-rule:evenodd;stroke-linejoin:round;stroke-miterlimit:2;\">\n    <g transform=\"matrix(0.955392,0,0,0.955392,-23.751,-18.7308)\">\n        <path d=\"M59.96,39.16C60.61,39.54 60.61,40.47 59.96,40.85L26.32,60.27C25.67,60.65 24.86,60.18 24.86,59.43L24.86,20.58C24.86,19.83 25.67,19.36 26.32,19.74L59.96,39.16Z\" style=\"fill:white;fill-rule:nonzero;\"\/>\n    <\/g>\n<\/svg>\n                                <\/span>\n                            <\/a>\n                                            <\/div>\n                <\/div>\n            <\/div>\n            <\/div>\n    <div class=\"modal \" id=\"video-modal-xWfLi\">\n        <div class=\"modal-inner\">\n            <a href=\"#\" class=\"close-modal btn\">\n                <i class=\"fa-light fa-circle-minus\"><\/i>\n            <\/a>\n            <div class=\"body\">\n                            <\/div>\n        <\/div>\n    <\/div>\n<\/div>\n<\/div>\n<\/div><\/div>\n\n\n\n<div class=\"wp-block-group\"><div class=\"wp-block-group__inner-container is-layout-constrained wp-block-group-is-layout-constrained\">\n<div class=\"wp-block-columns is-layout-flex wp-container-core-columns-is-layout-9d6595d7 wp-block-columns-is-layout-flex\">\n<div class=\"wp-block-column is-layout-flow wp-block-column-is-layout-flow\"><div id=\"ep-gallery-block_51396d080e175f1690f3c3d362959c6a\" class=\"ep-gallery ep-block \">\n                        <div class=\"show-frontend\">\n                <div class=\"inner\">\n                    <div class=\"items cols-1\">\n                                                    <div class=\"item\">\n                                                                                                \n                                                                                                                                                                <picture>\n                                    <source srcset=\"https:\/\/flovel.net\/wp-content\/uploads\/2025\/06\/gallery1280x853-indus11-600x400-c-center.jpg 1x\" media=\"(min-width: 1024px)\"\/>\n                                    <source srcset=\"https:\/\/flovel.net\/wp-content\/uploads\/2025\/06\/gallery1280x853-indus11-600x400-c-center.jpg 1x\" media=\"(min-width: 768px)\"\/>\n                                    <source srcset=\"https:\/\/flovel.net\/wp-content\/uploads\/2025\/06\/gallery1280x853-indus11-600x400-c-center.jpg 1x\" media=\"(max-width: 767px)\"\/>\n                                    <img decoding=\"async\" src=\"https:\/\/flovel.net\/wp-content\/uploads\/2025\/06\/gallery1280x853-indus11-600x400-c-center.jpg\" alt=\"\" title=\"Gallery1280x853_Indus11\"\/>\n                                <\/picture>\n                                <a href=\"#gallery-item-modal-NzDpY\" data-image=\"https:\/\/flovel.net\/wp-content\/uploads\/2025\/06\/gallery1280x853-indus11-1024x0-c-default.jpg\" class=\"btn gallery-item open-modal\">\n                                    <span><i class=\"fa-light fa-plus-circle\"><\/i><\/span>\n                                <\/a>\n                            <\/div>\n                                            <\/div>\n                <\/div>\n            <\/div>\n            <\/div>\n    <div class=\"modal \" id=\"gallery-item-modal-NzDpY\">\n        <div class=\"modal-inner\">\n            <a href=\"#\" class=\"close-modal btn\">\n                <i class=\"fa-light fa-circle-minus\"><\/i>\n            <\/a>\n            <div class=\"body\">\n                            <\/div>\n        <\/div>\n    <\/div>\n<\/div>\n\n\n\n<div class=\"wp-block-column is-layout-flow wp-block-column-is-layout-flow\"><div id=\"ep-title-text-block_accab3095196180a1326f1bf4ee34c52\" class=\"ep-title-text ep-block \">\n            <div class=\"show-frontend\">\n            <div class=\"inner alignment-left\">\n                                    <h4 class=\"title \">Ventajas clave de iNDUS<\/h4>\n                                            <\/div>\n        <\/div>\n    <\/div>\n\n\n<div id=\"ep-wysiwyg-block_fe55f0212d7641beb98bf2b3e1cfe0ca\" class=\"ep-wysiwyg ep-block \">\n                        <section class=\"show-frontend\">\n                <div class=\"inner\">\n                    <ol>\n<li>Versatilidad: Soluci\u00f3n para todo tipo de turbinas y capacidad. Implementable en plantas nuevas y existentes.<\/li>\n<li>Flexibilidad: M\u00faltiples funciones y caracter\u00edsticas listas para usar.<\/li>\n<li>F\u00e1cil: Interfaz intuitiva. F\u00e1cil de mantener, operar e implementar.<\/li>\n<li>Soluci\u00f3n rentable: El sistema est\u00e1 dise\u00f1ado espec\u00edficamente para centrales hidroel\u00e9ctricas, lo que facilita su operaci\u00f3n y mantenimiento. No requiere expertos en sistemas SCADA.<\/li>\n<li>Seguridad: El sistema est\u00e1 dise\u00f1ado con seguridad altamente integrada para la protecci\u00f3n y seguridad de los datos.<\/li>\n<\/ol>\n\n                <\/div>\n            <\/section>\n            <\/div>\n<\/div>\n<\/div>\n<\/div><\/div>\n\n\n<div id=\"ep-block-spacer-block_9c5743246ca9b8a5efebfdfd13c14821\" class=\"ep-block-spacer ep-block \">\n            <section  class=\"show-frontend  \">\n                        <style>\n                #ep-spacer-Fx9Xk {\n                    height: 100px;\n                }\n\n                @media (max-width: 767px) {\n                    #ep-spacer-Fx9Xk {\n                        height: 50px;\n                    }\n                }\n\n                @media (min-width: 768px) and (max-width: 1023px) {\n                    #ep-spacer-Fx9Xk {\n                        height: 80px;\n                    }\n                }\n            <\/style>\n            <div id=\"ep-spacer-Fx9Xk\"><\/div>\n        <\/section>\n    <\/div>\n\n<div id=\"ep-full-width-image-slider-block_2ca7d0d58ac565b6c7508e52505468f7\" class=\"ep-full-width-image-slider ep-block \">\n                        <div class=\"show-frontend\">\n                <div class=\"inner\">\n                    <div class=\"handles\">\n                        <div class=\"handles-inner\">\n                            <button class=\"slick-prev slick-arrow\" aria-label=\"Prev\" type=\"button\" style=\"\">\n                                <i class=\"fa-light fa-arrow-left\"><\/i>\n                            <\/button>\n                            <button class=\"slick-next slick-arrow\" aria-label=\"Next\" type=\"button\" style=\"\">\n                                <i class=\"fa-light fa-arrow-right\"><\/i>\n                            <\/button>\n                        <\/div>\n                    <\/div>\n                    <div class=\"slider\">\n                                                                                    <div class=\"slide-item\">\n                                                                                                            \n                                                                                                                                                <picture>\n                                        <source srcset=\"https:\/\/flovel.net\/wp-content\/uploads\/2025\/04\/fullwidthimageslider1280x720-indus01-1132x524-c-center.jpg 1x\" media=\"(min-width: 1024px)\"\/>\n                                        <source srcset=\"https:\/\/flovel.net\/wp-content\/uploads\/2025\/04\/fullwidthimageslider1280x720-indus01-1024x0-c-center.jpg 1x\" media=\"(min-width: 768px)\"\/>\n                                        <source srcset=\"https:\/\/flovel.net\/wp-content\/uploads\/2025\/04\/fullwidthimageslider1280x720-indus01-768x0-c-center.jpg 1x\" media=\"(max-width: 767px)\"\/>\n                                        <img decoding=\"async\" src=\"https:\/\/flovel.net\/wp-content\/uploads\/2025\/04\/fullwidthimageslider1280x720-indus01-768x0-c-center.jpg\" alt=\"\" title=\"FullWidthImageSlider1280x720_Indus01\"\/>\n                                    <\/picture>\n                                <\/div>\n                                                                                                                <div class=\"slide-item\">\n                                                                                                            \n                                                                                                                                                <picture>\n                                        <source srcset=\"https:\/\/flovel.net\/wp-content\/uploads\/2025\/04\/fullwidthimageslider1280x720-indus02-1132x524-c-center.jpg 1x\" media=\"(min-width: 1024px)\"\/>\n                                        <source srcset=\"https:\/\/flovel.net\/wp-content\/uploads\/2025\/04\/fullwidthimageslider1280x720-indus02-1024x0-c-center.jpg 1x\" media=\"(min-width: 768px)\"\/>\n                                        <source srcset=\"https:\/\/flovel.net\/wp-content\/uploads\/2025\/04\/fullwidthimageslider1280x720-indus02-768x0-c-center.jpg 1x\" media=\"(max-width: 767px)\"\/>\n                                        <img decoding=\"async\" src=\"https:\/\/flovel.net\/wp-content\/uploads\/2025\/04\/fullwidthimageslider1280x720-indus02-768x0-c-center.jpg\" alt=\"\" title=\"FullWidthImageSlider1280x720_Indus02\"\/>\n                                    <\/picture>\n                                <\/div>\n                                                                                                                <div class=\"slide-item\">\n                                                                                                            \n                                                                                                                                                <picture>\n                                        <source srcset=\"https:\/\/flovel.net\/wp-content\/uploads\/2025\/04\/fullwidthimageslider1280x720-indus04-1132x524-c-center.jpg 1x\" media=\"(min-width: 1024px)\"\/>\n                                        <source srcset=\"https:\/\/flovel.net\/wp-content\/uploads\/2025\/04\/fullwidthimageslider1280x720-indus04-1024x0-c-center.jpg 1x\" media=\"(min-width: 768px)\"\/>\n                                        <source srcset=\"https:\/\/flovel.net\/wp-content\/uploads\/2025\/04\/fullwidthimageslider1280x720-indus04-768x0-c-center.jpg 1x\" media=\"(max-width: 767px)\"\/>\n                                        <img decoding=\"async\" src=\"https:\/\/flovel.net\/wp-content\/uploads\/2025\/04\/fullwidthimageslider1280x720-indus04-768x0-c-center.jpg\" alt=\"\" title=\"FullWidthImageSlider1280x720_Indus04\"\/>\n                                    <\/picture>\n                                <\/div>\n                                                                        <\/div>\n                <\/div>\n            <\/div>\n            <\/div>","protected":false},"excerpt":{"rendered":"","protected":false},"author":3,"featured_media":0,"parent":0,"menu_order":0,"comment_status":"closed","ping_status":"closed","template":"","meta":{"_acf_changed":false,"footnotes":""},"class_list":["post-5235","page","type-page","status-publish","hentry"],"acf":[],"yoast_head":"<!-- This site is optimized with the Yoast SEO plugin v26.4 - https:\/\/yoast.com\/wordpress\/plugins\/seo\/ -->\n<title>iNDUS - FLOVEL Energy<\/title>\n<meta name=\"robots\" content=\"index, follow, max-snippet:-1, max-image-preview:large, max-video-preview:-1\" \/>\n<link rel=\"canonical\" href=\"https:\/\/flovel.net\/es\/indus\/\" \/>\n<meta property=\"og:locale\" content=\"es_ES\" \/>\n<meta property=\"og:type\" content=\"article\" \/>\n<meta property=\"og:title\" content=\"iNDUS - FLOVEL Energy\" \/>\n<meta property=\"og:url\" content=\"https:\/\/flovel.net\/es\/indus\/\" \/>\n<meta property=\"og:site_name\" content=\"FLOVEL Energy\" \/>\n<meta property=\"article:modified_time\" content=\"2025-08-04T15:10:00+00:00\" \/>\n<meta name=\"twitter:card\" content=\"summary_large_image\" \/>\n<script type=\"application\/ld+json\" class=\"yoast-schema-graph\">{\"@context\":\"https:\/\/schema.org\",\"@graph\":[{\"@type\":\"WebPage\",\"@id\":\"https:\/\/flovel.net\/es\/indus\/\",\"url\":\"https:\/\/flovel.net\/es\/indus\/\",\"name\":\"iNDUS - FLOVEL Energy\",\"isPartOf\":{\"@id\":\"https:\/\/flovel.net\/es\/#website\"},\"datePublished\":\"2025-03-28T12:31:54+00:00\",\"dateModified\":\"2025-08-04T15:10:00+00:00\",\"breadcrumb\":{\"@id\":\"https:\/\/flovel.net\/es\/indus\/#breadcrumb\"},\"inLanguage\":\"es\",\"potentialAction\":[{\"@type\":\"ReadAction\",\"target\":[\"https:\/\/flovel.net\/es\/indus\/\"]}]},{\"@type\":\"BreadcrumbList\",\"@id\":\"https:\/\/flovel.net\/es\/indus\/#breadcrumb\",\"itemListElement\":[{\"@type\":\"ListItem\",\"position\":1,\"name\":\"Home\",\"item\":\"https:\/\/flovel.net\/es\/\"},{\"@type\":\"ListItem\",\"position\":2,\"name\":\"iNDUS\"}]},{\"@type\":\"WebSite\",\"@id\":\"https:\/\/flovel.net\/es\/#website\",\"url\":\"https:\/\/flovel.net\/es\/\",\"name\":\"FLOVEL Energy\",\"description\":\"Advantage on your side\",\"potentialAction\":[{\"@type\":\"SearchAction\",\"target\":{\"@type\":\"EntryPoint\",\"urlTemplate\":\"https:\/\/flovel.net\/es\/?s={search_term_string}\"},\"query-input\":{\"@type\":\"PropertyValueSpecification\",\"valueRequired\":true,\"valueName\":\"search_term_string\"}}],\"inLanguage\":\"es\"}]}<\/script>\n<!-- \/ Yoast SEO plugin. -->","yoast_head_json":{"title":"iNDUS - FLOVEL Energy","robots":{"index":"index","follow":"follow","max-snippet":"max-snippet:-1","max-image-preview":"max-image-preview:large","max-video-preview":"max-video-preview:-1"},"canonical":"https:\/\/flovel.net\/es\/indus\/","og_locale":"es_ES","og_type":"article","og_title":"iNDUS - FLOVEL Energy","og_url":"https:\/\/flovel.net\/es\/indus\/","og_site_name":"FLOVEL Energy","article_modified_time":"2025-08-04T15:10:00+00:00","twitter_card":"summary_large_image","schema":{"@context":"https:\/\/schema.org","@graph":[{"@type":"WebPage","@id":"https:\/\/flovel.net\/es\/indus\/","url":"https:\/\/flovel.net\/es\/indus\/","name":"iNDUS - FLOVEL Energy","isPartOf":{"@id":"https:\/\/flovel.net\/es\/#website"},"datePublished":"2025-03-28T12:31:54+00:00","dateModified":"2025-08-04T15:10:00+00:00","breadcrumb":{"@id":"https:\/\/flovel.net\/es\/indus\/#breadcrumb"},"inLanguage":"es","potentialAction":[{"@type":"ReadAction","target":["https:\/\/flovel.net\/es\/indus\/"]}]},{"@type":"BreadcrumbList","@id":"https:\/\/flovel.net\/es\/indus\/#breadcrumb","itemListElement":[{"@type":"ListItem","position":1,"name":"Home","item":"https:\/\/flovel.net\/es\/"},{"@type":"ListItem","position":2,"name":"iNDUS"}]},{"@type":"WebSite","@id":"https:\/\/flovel.net\/es\/#website","url":"https:\/\/flovel.net\/es\/","name":"FLOVEL Energy","description":"Advantage on your side","potentialAction":[{"@type":"SearchAction","target":{"@type":"EntryPoint","urlTemplate":"https:\/\/flovel.net\/es\/?s={search_term_string}"},"query-input":{"@type":"PropertyValueSpecification","valueRequired":true,"valueName":"search_term_string"}}],"inLanguage":"es"}]}},"_links":{"self":[{"href":"https:\/\/flovel.net\/es\/wp-json\/wp\/v2\/pages\/5235","targetHints":{"allow":["GET"]}}],"collection":[{"href":"https:\/\/flovel.net\/es\/wp-json\/wp\/v2\/pages"}],"about":[{"href":"https:\/\/flovel.net\/es\/wp-json\/wp\/v2\/types\/page"}],"author":[{"embeddable":true,"href":"https:\/\/flovel.net\/es\/wp-json\/wp\/v2\/users\/3"}],"replies":[{"embeddable":true,"href":"https:\/\/flovel.net\/es\/wp-json\/wp\/v2\/comments?post=5235"}],"version-history":[{"count":1,"href":"https:\/\/flovel.net\/es\/wp-json\/wp\/v2\/pages\/5235\/revisions"}],"predecessor-version":[{"id":5237,"href":"https:\/\/flovel.net\/es\/wp-json\/wp\/v2\/pages\/5235\/revisions\/5237"}],"wp:attachment":[{"href":"https:\/\/flovel.net\/es\/wp-json\/wp\/v2\/media?parent=5235"}],"curies":[{"name":"wp","href":"https:\/\/api.w.org\/{rel}","templated":true}]}}